{"id":600,"date":"2023-06-20T14:36:01","date_gmt":"2023-06-20T14:36:01","guid":{"rendered":"https:\/\/basseempresarial.cat\/declaracio-daccessibilitat\/"},"modified":"2023-06-20T14:48:43","modified_gmt":"2023-06-20T14:48:43","slug":"declaracio-daccessibilitat","status":"publish","type":"page","link":"https:\/\/basseempresarial.cat\/ca\/declaracio-daccessibilitat\/","title":{"rendered":"Declaraci\u00f3 d&#8217;accessibilitat"},"content":{"rendered":"\t\t<div data-elementor-type=\"wp-page\" data-elementor-id=\"600\" class=\"elementor elementor-600 elementor-591\" data-elementor-post-type=\"page\">\n\t\t\t\t\t\t<section class=\"elementor-section elementor-top-section elementor-element elementor-element-7ac54a2 elementor-section-boxed elementor-section-height-default elementor-section-height-default\" data-id=\"7ac54a2\" data-element_type=\"section\">\n\t\t\t\t\t\t<div class=\"elementor-container elementor-column-gap-default\">\n\t\t\t\t\t<div class=\"elementor-column elementor-col-100 elementor-top-column elementor-element elementor-element-c273fd4\" data-id=\"c273fd4\" data-element_type=\"column\">\n\t\t\t<div class=\"elementor-widget-wrap elementor-element-populated\">\n\t\t\t\t\t\t<div class=\"elementor-element elementor-element-3c91727 elementor-widget elementor-widget-heading\" data-id=\"3c91727\" data-element_type=\"widget\" data-widget_type=\"heading.default\">\n\t\t\t\t<div class=\"elementor-widget-container\">\n\t\t\t<style>\/*! elementor - v3.21.0 - 26-05-2024 *\/\n.elementor-heading-title{padding:0;margin:0;line-height:1}.elementor-widget-heading .elementor-heading-title[class*=elementor-size-]>a{color:inherit;font-size:inherit;line-height:inherit}.elementor-widget-heading .elementor-heading-title.elementor-size-small{font-size:15px}.elementor-widget-heading .elementor-heading-title.elementor-size-medium{font-size:19px}.elementor-widget-heading .elementor-heading-title.elementor-size-large{font-size:29px}.elementor-widget-heading .elementor-heading-title.elementor-size-xl{font-size:39px}.elementor-widget-heading .elementor-heading-title.elementor-size-xxl{font-size:59px}<\/style><h2 class=\"elementor-heading-title elementor-size-default\">Declaraci\u00f3 d'accessibilitat<\/h2>\t\t<\/div>\n\t\t\t\t<\/div>\n\t\t\t\t<div class=\"elementor-element elementor-element-89ac01b elementor-widget elementor-widget-text-editor\" data-id=\"89ac01b\" data-element_type=\"widget\" data-widget_type=\"text-editor.default\">\n\t\t\t\t<div class=\"elementor-widget-container\">\n\t\t\t<style>\/*! elementor - v3.21.0 - 26-05-2024 *\/\n.elementor-widget-text-editor.elementor-drop-cap-view-stacked .elementor-drop-cap{background-color:#69727d;color:#fff}.elementor-widget-text-editor.elementor-drop-cap-view-framed .elementor-drop-cap{color:#69727d;border:3px solid;background-color:transparent}.elementor-widget-text-editor:not(.elementor-drop-cap-view-default) .elementor-drop-cap{margin-top:8px}.elementor-widget-text-editor:not(.elementor-drop-cap-view-default) .elementor-drop-cap-letter{width:1em;height:1em}.elementor-widget-text-editor .elementor-drop-cap{float:left;text-align:center;line-height:1;font-size:50px}.elementor-widget-text-editor .elementor-drop-cap-letter{display:inline-block}<\/style>\t\t\t\t<p>Basse Empresarial s\u2019ha comprom\u00e8s a fer accessible els seus lloc web de conformitat amb el Reial decret 1112\/2018, de 7 de setembre, sobre accessibilitat dels llocs web i aplicacions per a dispositius m\u00f2bils del sector p\u00fablic (d\u2019ara endavant, RD 1112\/2018, de 7 de setembre).<\/p>\n<p>La present declaraci\u00f3 d\u2019accessibilitat s\u2019aplica al lloc web https:\/\/basseempresarial.cat, excloent els continguts incrustats provinents d\u2019altres dominis.<\/p>\n<h4><strong>Situaci\u00f3 de compliment<\/strong><\/h4>\n<p>Aquest lloc web \u00e9s parcialment conforme amb l\u2019RD 1112\/2018, de 7 de setembre, a causa de les excepcions i a la falta de conformitat dels aspectes que s\u2019indiquen a continuaci\u00f3.<\/p>\n<h4><strong>Contingut no accessible<\/strong><\/h4>\n<p>El contingut que es recull a continuaci\u00f3 no \u00e9s accessible pel seg\u00fcent:<\/p>\n<p>1.- Falta de conformitat amb RD 1112\/2018:<\/p>\n<p>Pel fet que s\u2019utilitza un gestor de continguts i existeixen diferents usuaris actualitzant i creant continguts nous, podrien existir fallades puntuals d\u2019edici\u00f3 en alguna p\u00e0gina web, tant en continguts HTML com en documents finals. No obstant aix\u00f2, existeix el comprom\u00eds de revisi\u00f3 peri\u00f2dica i de solucionar els problemes notificats pels usuaris.<\/p>\n<p>Pot haver contingut extern, com els components de Facebook, Twitter, YouTube o Google Maps, que no compleixen completament amb els criteris d\u2019accessibilitat.<\/p>\n<p>Pot haver-hi alguna p\u00e0gina on part del contingut pot presentar-se amb p\u00e8rdua d\u2019informaci\u00f3 o funcionalitat, necessitant fer scroll en dues dimensions [criteri d\u2019\u00e8xit 1.4.10].<\/p>\n<p>2.- C\u00e0rrega desproporcionada: No aplica<\/p>\n<p>3.- El contingut no entra dins de l\u2019\u00e0mbit de la legislaci\u00f3 aplicable: podrien existir arxius ofim\u00e0tics en PDF o altres formats publicats abans del 20 de setembre de 2018 que no compleixin \u00edntegrament tots els requisits d\u2019accessibilitat.<\/p>\n<h4><strong>Preparaci\u00f3 de la present declaraci\u00f3 d\u2019accessibilitat<\/strong><\/h4>\n<p>La present declaraci\u00f3 va ser preparada el 23 de maig de 2023.<\/p>\n<p>El m\u00e8tode emprat per a preparar la declaraci\u00f3 ha estat una autoavaluaci\u00f3 duta a terme pel responsable d\u2019accessibilitat.<\/p>\n<p>\u00daltima revisi\u00f3 de la declaraci\u00f3: 23 de maig de 2023.<\/p>\n<h4><strong>Observacions i dades de contacte<\/strong><\/h4>\n<p>Pot realitzar comunicacions sobre requisits d\u2019accessibilitat (article 10.2.a) del Reial decret 1112\/2018, de 7 de setembre) com, per exemple:<\/p>\n<p>Informar sobre qualsevol possible incompliment per part d\u2019aquest lloc web.<\/p>\n<p>Transmetre altres dificultats d\u2019acc\u00e9s al contingut.<\/p>\n<p>Formular qualsevol altra consulta o suggeriment de millora relativa a l\u2019accessibilitat del lloc web.<\/p>\n<p>Utilitzant les seg\u00fcents vies:<\/p>\n<p>Formulari de contacte de la p\u00e0gina web<\/p>\n<p>Correu electr\u00f2nic: info@basseempresarial.cat<\/p>\n<p>Tel\u00e8fon: 934 08 43 22<\/p>\n<h4><strong>Procediment d\u2019aplicaci\u00f3<\/strong><\/h4>\n<p>A trav\u00e9s d\u2019aquest procediment podr\u00e0 iniciar una reclamaci\u00f3 per a con\u00e8ixer i oposar-se als motius de la desestimaci\u00f3 d\u2019una sol\u00b7licitud d\u2019informaci\u00f3 accessible o queixa, instar l\u2019adopci\u00f3 de les mesures oportunes en el cas de no estar d\u2019acord amb la decisi\u00f3 adoptada, o exposar les raons per les quals es considera que la resposta no compleix amb els requisits exigits.<\/p>\n<p>Formulari de contacte<\/p>\n<h4><strong>Contingut opcional<\/strong><\/h4>\n<p>La versi\u00f3 actualment visible d\u2019aquest lloc web \u00e9s de maig de 2023.<\/p>\n<p>A partir d\u2019aquesta data es duen a terme revisions parcials dels continguts, tant de les plantilles com de les p\u00e0gines i documents finals publicats, a fi d\u2019assegurar el compliment dels requeriments d\u2019accessibilitat que actualment s\u00f3n els d\u2019i AA de la norma WCAG 2.1, considerant les excepcions del Reial decret 1112\/2018, de 7 de setembre.<\/p>\n<h4><strong>Grand\u00e0ria del text<\/strong><\/h4>\n<p>A fi de prestar un millor servei, Basse Empresarial emmagatzema en l\u2019ordinador de l\u2019Usuari petits fitxers d\u2019informaci\u00f3 denominats cookies. Per a m\u00e9s informaci\u00f3 sobre les cookies i la seva configuraci\u00f3 accedeixi a la nostra Pol\u00edtica de Cookies.<\/p>\n\t\t\t\t\t\t<\/div>\n\t\t\t\t<\/div>\n\t\t\t\t\t<\/div>\n\t\t<\/div>\n\t\t\t\t\t<\/div>\n\t\t<\/section>\n\t\t\t\t<\/div>\n\t\t","protected":false},"excerpt":{"rendered":"<p>Declaraci\u00f3 d&#8217;accessibilitat Basse Empresarial s\u2019ha comprom\u00e8s a fer accessible els seus lloc web de conformitat amb el Reial decret 1112\/2018, de 7 de setembre, sobre accessibilitat dels llocs web i aplicacions per a dispositius m\u00f2bils del sector p\u00fablic (d\u2019ara endavant, RD 1112\/2018, de 7 de setembre). La present declaraci\u00f3 d\u2019accessibilitat s\u2019aplica al lloc web https:\/\/basseempresarial.cat, &#8230; <a title=\"Declaraci\u00f3 d&#8217;accessibilitat\" class=\"read-more\" href=\"https:\/\/basseempresarial.cat\/ca\/declaracio-daccessibilitat\/\" aria-label=\"M\u00e9s informaci\u00f3 sobre Declaraci\u00f3 d&#8217;accessibilitat\">Llegiu m\u00e9s<\/a><\/p>\n","protected":false},"author":1,"featured_media":0,"parent":0,"menu_order":0,"comment_status":"closed","ping_status":"closed","template":"","meta":{"footnotes":""},"class_list":["post-600","page","type-page","status-publish"],"yoast_head":"<!-- This site is optimized with the Yoast SEO plugin v22.8 - https:\/\/yoast.com\/wordpress\/plugins\/seo\/ -->\n<title>Declaraci\u00f3 d&#039;accessibilitat - Basse Empresarial<\/title>\n<meta name=\"robots\" content=\"index, follow, max-snippet:-1, max-image-preview:large, max-video-preview:-1\" \/>\n<link rel=\"canonical\" href=\"https:\/\/basseempresarial.cat\/ca\/declaracio-daccessibilitat\/\" \/>\n<meta property=\"og:locale\" content=\"ca_ES\" \/>\n<meta property=\"og:type\" content=\"article\" \/>\n<meta property=\"og:title\" content=\"Declaraci\u00f3 d&#039;accessibilitat - Basse Empresarial\" \/>\n<meta property=\"og:description\" content=\"Declaraci\u00f3 d&#8217;accessibilitat Basse Empresarial s\u2019ha comprom\u00e8s a fer accessible els seus lloc web de conformitat amb el Reial decret 1112\/2018, de 7 de setembre, sobre accessibilitat dels llocs web i aplicacions per a dispositius m\u00f2bils del sector p\u00fablic (d\u2019ara endavant, RD 1112\/2018, de 7 de setembre). La present declaraci\u00f3 d\u2019accessibilitat s\u2019aplica al lloc web https:\/\/basseempresarial.cat, ... Llegiu m\u00e9s\" \/>\n<meta property=\"og:url\" content=\"https:\/\/basseempresarial.cat\/ca\/declaracio-daccessibilitat\/\" \/>\n<meta property=\"og:site_name\" content=\"Basse Empresarial\" \/>\n<meta property=\"article:modified_time\" content=\"2023-06-20T14:48:43+00:00\" \/>\n<meta name=\"twitter:card\" content=\"summary_large_image\" \/>\n<meta name=\"twitter:label1\" content=\"Temps estimat de lectura\" \/>\n\t<meta name=\"twitter:data1\" content=\"3 minuts\" \/>\n<script type=\"application\/ld+json\" class=\"yoast-schema-graph\">{\"@context\":\"https:\/\/schema.org\",\"@graph\":[{\"@type\":\"WebPage\",\"@id\":\"https:\/\/basseempresarial.cat\/ca\/declaracio-daccessibilitat\/\",\"url\":\"https:\/\/basseempresarial.cat\/ca\/declaracio-daccessibilitat\/\",\"name\":\"Declaraci\u00f3 d'accessibilitat - Basse Empresarial\",\"isPartOf\":{\"@id\":\"https:\/\/basseempresarial.cat\/#website\"},\"datePublished\":\"2023-06-20T14:36:01+00:00\",\"dateModified\":\"2023-06-20T14:48:43+00:00\",\"breadcrumb\":{\"@id\":\"https:\/\/basseempresarial.cat\/ca\/declaracio-daccessibilitat\/#breadcrumb\"},\"inLanguage\":\"ca\",\"potentialAction\":[{\"@type\":\"ReadAction\",\"target\":[\"https:\/\/basseempresarial.cat\/ca\/declaracio-daccessibilitat\/\"]}]},{\"@type\":\"BreadcrumbList\",\"@id\":\"https:\/\/basseempresarial.cat\/ca\/declaracio-daccessibilitat\/#breadcrumb\",\"itemListElement\":[{\"@type\":\"ListItem\",\"position\":1,\"name\":\"Portada\",\"item\":\"https:\/\/basseempresarial.cat\/ca\/landing\/\"},{\"@type\":\"ListItem\",\"position\":2,\"name\":\"Declaraci\u00f3 d&#8217;accessibilitat\"}]},{\"@type\":\"WebSite\",\"@id\":\"https:\/\/basseempresarial.cat\/#website\",\"url\":\"https:\/\/basseempresarial.cat\/\",\"name\":\"Basse Empresarial\",\"description\":\"S&oacute;lo otro sitio de WordPress\",\"publisher\":{\"@id\":\"https:\/\/basseempresarial.cat\/#organization\"},\"potentialAction\":[{\"@type\":\"SearchAction\",\"target\":{\"@type\":\"EntryPoint\",\"urlTemplate\":\"https:\/\/basseempresarial.cat\/?s={search_term_string}\"},\"query-input\":\"required name=search_term_string\"}],\"inLanguage\":\"ca\"},{\"@type\":\"Organization\",\"@id\":\"https:\/\/basseempresarial.cat\/#organization\",\"name\":\"Basse Empresarial\",\"url\":\"https:\/\/basseempresarial.cat\/\",\"logo\":{\"@type\":\"ImageObject\",\"inLanguage\":\"ca\",\"@id\":\"https:\/\/basseempresarial.cat\/#\/schema\/logo\/image\/\",\"url\":\"https:\/\/basseempresarial.cat\/wp-content\/uploads\/2023\/04\/BASSE-EMPRESARIAL.png\",\"contentUrl\":\"https:\/\/basseempresarial.cat\/wp-content\/uploads\/2023\/04\/BASSE-EMPRESARIAL.png\",\"width\":500,\"height\":161,\"caption\":\"Basse Empresarial\"},\"image\":{\"@id\":\"https:\/\/basseempresarial.cat\/#\/schema\/logo\/image\/\"}}]}<\/script>\n<!-- \/ Yoast SEO plugin. -->","yoast_head_json":{"title":"Declaraci\u00f3 d'accessibilitat - Basse Empresarial","robots":{"index":"index","follow":"follow","max-snippet":"max-snippet:-1","max-image-preview":"max-image-preview:large","max-video-preview":"max-video-preview:-1"},"canonical":"https:\/\/basseempresarial.cat\/ca\/declaracio-daccessibilitat\/","og_locale":"ca_ES","og_type":"article","og_title":"Declaraci\u00f3 d'accessibilitat - Basse Empresarial","og_description":"Declaraci\u00f3 d&#8217;accessibilitat Basse Empresarial s\u2019ha comprom\u00e8s a fer accessible els seus lloc web de conformitat amb el Reial decret 1112\/2018, de 7 de setembre, sobre accessibilitat dels llocs web i aplicacions per a dispositius m\u00f2bils del sector p\u00fablic (d\u2019ara endavant, RD 1112\/2018, de 7 de setembre). La present declaraci\u00f3 d\u2019accessibilitat s\u2019aplica al lloc web https:\/\/basseempresarial.cat, ... Llegiu m\u00e9s","og_url":"https:\/\/basseempresarial.cat\/ca\/declaracio-daccessibilitat\/","og_site_name":"Basse Empresarial","article_modified_time":"2023-06-20T14:48:43+00:00","twitter_card":"summary_large_image","twitter_misc":{"Temps estimat de lectura":"3 minuts"},"schema":{"@context":"https:\/\/schema.org","@graph":[{"@type":"WebPage","@id":"https:\/\/basseempresarial.cat\/ca\/declaracio-daccessibilitat\/","url":"https:\/\/basseempresarial.cat\/ca\/declaracio-daccessibilitat\/","name":"Declaraci\u00f3 d'accessibilitat - Basse Empresarial","isPartOf":{"@id":"https:\/\/basseempresarial.cat\/#website"},"datePublished":"2023-06-20T14:36:01+00:00","dateModified":"2023-06-20T14:48:43+00:00","breadcrumb":{"@id":"https:\/\/basseempresarial.cat\/ca\/declaracio-daccessibilitat\/#breadcrumb"},"inLanguage":"ca","potentialAction":[{"@type":"ReadAction","target":["https:\/\/basseempresarial.cat\/ca\/declaracio-daccessibilitat\/"]}]},{"@type":"BreadcrumbList","@id":"https:\/\/basseempresarial.cat\/ca\/declaracio-daccessibilitat\/#breadcrumb","itemListElement":[{"@type":"ListItem","position":1,"name":"Portada","item":"https:\/\/basseempresarial.cat\/ca\/landing\/"},{"@type":"ListItem","position":2,"name":"Declaraci\u00f3 d&#8217;accessibilitat"}]},{"@type":"WebSite","@id":"https:\/\/basseempresarial.cat\/#website","url":"https:\/\/basseempresarial.cat\/","name":"Basse Empresarial","description":"S&oacute;lo otro sitio de WordPress","publisher":{"@id":"https:\/\/basseempresarial.cat\/#organization"},"potentialAction":[{"@type":"SearchAction","target":{"@type":"EntryPoint","urlTemplate":"https:\/\/basseempresarial.cat\/?s={search_term_string}"},"query-input":"required name=search_term_string"}],"inLanguage":"ca"},{"@type":"Organization","@id":"https:\/\/basseempresarial.cat\/#organization","name":"Basse Empresarial","url":"https:\/\/basseempresarial.cat\/","logo":{"@type":"ImageObject","inLanguage":"ca","@id":"https:\/\/basseempresarial.cat\/#\/schema\/logo\/image\/","url":"https:\/\/basseempresarial.cat\/wp-content\/uploads\/2023\/04\/BASSE-EMPRESARIAL.png","contentUrl":"https:\/\/basseempresarial.cat\/wp-content\/uploads\/2023\/04\/BASSE-EMPRESARIAL.png","width":500,"height":161,"caption":"Basse Empresarial"},"image":{"@id":"https:\/\/basseempresarial.cat\/#\/schema\/logo\/image\/"}}]}},"_links":{"self":[{"href":"https:\/\/basseempresarial.cat\/ca\/wp-json\/wp\/v2\/pages\/600","targetHints":{"allow":["GET"]}}],"collection":[{"href":"https:\/\/basseempresarial.cat\/ca\/wp-json\/wp\/v2\/pages"}],"about":[{"href":"https:\/\/basseempresarial.cat\/ca\/wp-json\/wp\/v2\/types\/page"}],"author":[{"embeddable":true,"href":"https:\/\/basseempresarial.cat\/ca\/wp-json\/wp\/v2\/users\/1"}],"replies":[{"embeddable":true,"href":"https:\/\/basseempresarial.cat\/ca\/wp-json\/wp\/v2\/comments?post=600"}],"version-history":[{"count":1,"href":"https:\/\/basseempresarial.cat\/ca\/wp-json\/wp\/v2\/pages\/600\/revisions"}],"predecessor-version":[{"id":601,"href":"https:\/\/basseempresarial.cat\/ca\/wp-json\/wp\/v2\/pages\/600\/revisions\/601"}],"wp:attachment":[{"href":"https:\/\/basseempresarial.cat\/ca\/wp-json\/wp\/v2\/media?parent=600"}],"curies":[{"name":"wp","href":"https:\/\/api.w.org\/{rel}","templated":true}]}}