{"id":294,"date":"2023-04-28T15:41:16","date_gmt":"2023-04-28T15:41:16","guid":{"rendered":"https:\/\/basseempresarial.cat\/noticies\/"},"modified":"2023-05-02T14:18:00","modified_gmt":"2023-05-02T14:18:00","slug":"noticies","status":"publish","type":"page","link":"https:\/\/basseempresarial.cat\/ca\/noticies\/","title":{"rendered":"Not\u00edcies"},"content":{"rendered":"\t\t<div data-elementor-type=\"wp-page\" data-elementor-id=\"294\" class=\"elementor elementor-294 elementor-173\" data-elementor-post-type=\"page\">\n\t\t\t\t\t\t<section class=\"elementor-section elementor-top-section elementor-element elementor-element-95e9b54 elementor-section-full_width elementor-section-height-min-height elementor-section-stretched elementor-hidden-mobile elementor-section-height-default elementor-section-items-middle\" data-id=\"95e9b54\" data-element_type=\"section\" data-settings=\"{&quot;stretch_section&quot;:&quot;section-stretched&quot;,&quot;background_background&quot;:&quot;slideshow&quot;,&quot;background_slideshow_gallery&quot;:[{&quot;id&quot;:44,&quot;url&quot;:&quot;https:\\\/\\\/basseempresarial.cat\\\/wp-content\\\/uploads\\\/2023\\\/04\\\/mansipapersBASSEEMPRESARIAL.jpg&quot;}],&quot;background_slideshow_loop&quot;:&quot;yes&quot;,&quot;background_slideshow_slide_duration&quot;:5000,&quot;background_slideshow_slide_transition&quot;:&quot;fade&quot;,&quot;background_slideshow_transition_duration&quot;:500}\">\n\t\t\t\t\t\t<div class=\"elementor-container elementor-column-gap-no\">\n\t\t\t\t\t<div class=\"elementor-column elementor-col-100 elementor-top-column elementor-element elementor-element-e9fbe8c\" data-id=\"e9fbe8c\" data-element_type=\"column\">\n\t\t\t<div class=\"elementor-widget-wrap elementor-element-populated\">\n\t\t\t\t\t\t<section class=\"elementor-section elementor-inner-section elementor-element elementor-element-b6dc525 elementor-section-boxed elementor-section-height-default elementor-section-height-default\" data-id=\"b6dc525\" data-element_type=\"section\">\n\t\t\t\t\t\t<div class=\"elementor-container elementor-column-gap-default\">\n\t\t\t\t\t<div class=\"elementor-column elementor-col-50 elementor-inner-column elementor-element elementor-element-7d48716\" data-id=\"7d48716\" data-element_type=\"column\">\n\t\t\t<div class=\"elementor-widget-wrap\">\n\t\t\t\t\t\t\t<\/div>\n\t\t<\/div>\n\t\t\t\t<div class=\"elementor-column elementor-col-50 elementor-inner-column elementor-element elementor-element-47067fc\" data-id=\"47067fc\" data-element_type=\"column\">\n\t\t\t<div class=\"elementor-widget-wrap elementor-element-populated\">\n\t\t\t\t\t\t<div class=\"elementor-element elementor-element-90aec65 elementor-widget elementor-widget-heading\" data-id=\"90aec65\" data-element_type=\"widget\" data-widget_type=\"heading.default\">\n\t\t\t\t<div class=\"elementor-widget-container\">\n\t\t\t<style>\/*! elementor - v3.21.0 - 26-05-2024 *\/\n.elementor-heading-title{padding:0;margin:0;line-height:1}.elementor-widget-heading .elementor-heading-title[class*=elementor-size-]>a{color:inherit;font-size:inherit;line-height:inherit}.elementor-widget-heading .elementor-heading-title.elementor-size-small{font-size:15px}.elementor-widget-heading .elementor-heading-title.elementor-size-medium{font-size:19px}.elementor-widget-heading .elementor-heading-title.elementor-size-large{font-size:29px}.elementor-widget-heading .elementor-heading-title.elementor-size-xl{font-size:39px}.elementor-widget-heading .elementor-heading-title.elementor-size-xxl{font-size:59px}<\/style><h2 class=\"elementor-heading-title elementor-size-default\">Simplifiquem les teves gestions.<br>\nIdees innovadores<\/h2>\t\t<\/div>\n\t\t\t\t<\/div>\n\t\t\t\t<div class=\"elementor-element elementor-element-4d1f17f elementor-widget elementor-widget-heading\" data-id=\"4d1f17f\" data-element_type=\"widget\" data-widget_type=\"heading.default\">\n\t\t\t\t<div class=\"elementor-widget-container\">\n\t\t\t<h2 class=\"elementor-heading-title elementor-size-default\">Experts en consultoria estrat\u00e8gica per a Pimes\ni aut\u00f2noms amb molta projecci\u00f3 i anys d\u2019experi\u00e8ncia.<br>\nOferim un servei de qualitat, amb un seguiment molt personal.<\/h2>\t\t<\/div>\n\t\t\t\t<\/div>\n\t\t\t\t<div class=\"elementor-element elementor-element-6a21eeb elementor-align-right elementor-widget elementor-widget-button\" data-id=\"6a21eeb\" data-element_type=\"widget\" data-widget_type=\"button.default\">\n\t\t\t\t<div class=\"elementor-widget-container\">\n\t\t\t\t\t<div class=\"elementor-button-wrapper\">\n\t\t\t<a class=\"elementor-button elementor-button-link elementor-size-sm\" href=\"https:\/\/basseempresarial.cat\/ca\/contacte\/\">\n\t\t\t\t\t\t<span class=\"elementor-button-content-wrapper\">\n\t\t\t\t\t\t\t\t\t<span class=\"elementor-button-text\">Demana Pressupost<\/span>\n\t\t\t\t\t<\/span>\n\t\t\t\t\t<\/a>\n\t\t<\/div>\n\t\t\t\t<\/div>\n\t\t\t\t<\/div>\n\t\t\t\t\t<\/div>\n\t\t<\/div>\n\t\t\t\t\t<\/div>\n\t\t<\/section>\n\t\t\t\t\t<\/div>\n\t\t<\/div>\n\t\t\t\t\t<\/div>\n\t\t<\/section>\n\t\t\t\t<section class=\"elementor-section elementor-top-section elementor-element elementor-element-adc474c elementor-section-full_width elementor-section-height-min-height elementor-section-stretched elementor-hidden-desktop elementor-hidden-tablet elementor-section-height-default elementor-section-items-middle\" data-id=\"adc474c\" data-element_type=\"section\" data-settings=\"{&quot;stretch_section&quot;:&quot;section-stretched&quot;,&quot;background_background&quot;:&quot;slideshow&quot;,&quot;background_slideshow_gallery&quot;:[{&quot;id&quot;:53,&quot;url&quot;:&quot;https:\\\/\\\/basseempresarial.cat\\\/wp-content\\\/uploads\\\/2023\\\/04\\\/fondo-movil-3.jpg&quot;},{&quot;id&quot;:52,&quot;url&quot;:&quot;https:\\\/\\\/basseempresarial.cat\\\/wp-content\\\/uploads\\\/2023\\\/04\\\/fondomovil-2.jpg&quot;},{&quot;id&quot;:51,&quot;url&quot;:&quot;https:\\\/\\\/basseempresarial.cat\\\/wp-content\\\/uploads\\\/2023\\\/04\\\/fondomovil-1.jpg&quot;}],&quot;background_slideshow_loop&quot;:&quot;yes&quot;,&quot;background_slideshow_slide_duration&quot;:5000,&quot;background_slideshow_slide_transition&quot;:&quot;fade&quot;,&quot;background_slideshow_transition_duration&quot;:500}\">\n\t\t\t\t\t\t<div class=\"elementor-container elementor-column-gap-no\">\n\t\t\t\t\t<div class=\"elementor-column elementor-col-100 elementor-top-column elementor-element elementor-element-d50f9df\" data-id=\"d50f9df\" data-element_type=\"column\">\n\t\t\t<div class=\"elementor-widget-wrap elementor-element-populated\">\n\t\t\t\t\t\t<section class=\"elementor-section elementor-inner-section elementor-element elementor-element-c1e02ad elementor-section-boxed elementor-section-height-default elementor-section-height-default\" data-id=\"c1e02ad\" data-element_type=\"section\">\n\t\t\t\t\t\t<div class=\"elementor-container elementor-column-gap-default\">\n\t\t\t\t\t<div class=\"elementor-column elementor-col-50 elementor-inner-column elementor-element elementor-element-ef51e91\" data-id=\"ef51e91\" data-element_type=\"column\">\n\t\t\t<div class=\"elementor-widget-wrap\">\n\t\t\t\t\t\t\t<\/div>\n\t\t<\/div>\n\t\t\t\t<div class=\"elementor-column elementor-col-50 elementor-inner-column elementor-element elementor-element-dce017c\" data-id=\"dce017c\" data-element_type=\"column\">\n\t\t\t<div class=\"elementor-widget-wrap elementor-element-populated\">\n\t\t\t\t\t\t<div class=\"elementor-element elementor-element-5cfb006 elementor-widget elementor-widget-heading\" data-id=\"5cfb006\" data-element_type=\"widget\" data-widget_type=\"heading.default\">\n\t\t\t\t<div class=\"elementor-widget-container\">\n\t\t\t<h2 class=\"elementor-heading-title elementor-size-default\">Simplifiquem les teves gestions.<br>\nIdees innovadores<\/h2>\t\t<\/div>\n\t\t\t\t<\/div>\n\t\t\t\t<div class=\"elementor-element elementor-element-57e8469 elementor-widget elementor-widget-heading\" data-id=\"57e8469\" data-element_type=\"widget\" data-widget_type=\"heading.default\">\n\t\t\t\t<div class=\"elementor-widget-container\">\n\t\t\t<h2 class=\"elementor-heading-title elementor-size-default\">Experts en consultoria estrat\u00e8gica per a Pimes\ni aut\u00f2noms amb molta projecci\u00f3 i anys d\u2019experi\u00e8ncia.<br>\nOferim un servei de qualitat, amb un seguiment molt personal.<\/h2>\t\t<\/div>\n\t\t\t\t<\/div>\n\t\t\t\t<div class=\"elementor-element elementor-element-afcfd8d elementor-align-right elementor-widget elementor-widget-button\" data-id=\"afcfd8d\" data-element_type=\"widget\" data-widget_type=\"button.default\">\n\t\t\t\t<div class=\"elementor-widget-container\">\n\t\t\t\t\t<div class=\"elementor-button-wrapper\">\n\t\t\t<a class=\"elementor-button elementor-button-link elementor-size-sm\" href=\"https:\/\/basseempresarial.cat\/ca\/contacte\/\">\n\t\t\t\t\t\t<span class=\"elementor-button-content-wrapper\">\n\t\t\t\t\t\t\t\t\t<span class=\"elementor-button-text\">Demana Pressupost<\/span>\n\t\t\t\t\t<\/span>\n\t\t\t\t\t<\/a>\n\t\t<\/div>\n\t\t\t\t<\/div>\n\t\t\t\t<\/div>\n\t\t\t\t\t<\/div>\n\t\t<\/div>\n\t\t\t\t\t<\/div>\n\t\t<\/section>\n\t\t\t\t\t<\/div>\n\t\t<\/div>\n\t\t\t\t\t<\/div>\n\t\t<\/section>\n\t\t\t\t<section class=\"elementor-section elementor-top-section elementor-element elementor-element-fc30bae elementor-section-stretched elementor-section-boxed elementor-section-height-default elementor-section-height-default\" data-id=\"fc30bae\" data-element_type=\"section\" data-settings=\"{&quot;stretch_section&quot;:&quot;section-stretched&quot;,&quot;background_background&quot;:&quot;classic&quot;}\">\n\t\t\t\t\t\t<div class=\"elementor-container elementor-column-gap-default\">\n\t\t\t\t\t<div class=\"elementor-column elementor-col-100 elementor-top-column elementor-element elementor-element-c6723f5\" data-id=\"c6723f5\" data-element_type=\"column\">\n\t\t\t<div class=\"elementor-widget-wrap elementor-element-populated\">\n\t\t\t\t\t\t<div class=\"elementor-element elementor-element-674ce10 elementor-widget elementor-widget-heading\" data-id=\"674ce10\" data-element_type=\"widget\" data-widget_type=\"heading.default\">\n\t\t\t\t<div class=\"elementor-widget-container\">\n\t\t\t<h2 class=\"elementor-heading-title elementor-size-default\">NOT\u00cdCIES<\/h2>\t\t<\/div>\n\t\t\t\t<\/div>\n\t\t\t\t<div class=\"elementor-element elementor-element-35c75b6 elementor-grid-3 elementor-grid-tablet-2 elementor-grid-mobile-1 elementor-posts--thumbnail-top elementor-widget elementor-widget-posts\" data-id=\"35c75b6\" data-element_type=\"widget\" data-settings=\"{&quot;pagination_type&quot;:&quot;prev_next&quot;,&quot;classic_columns&quot;:&quot;3&quot;,&quot;classic_columns_tablet&quot;:&quot;2&quot;,&quot;classic_columns_mobile&quot;:&quot;1&quot;,&quot;classic_row_gap&quot;:{&quot;unit&quot;:&quot;px&quot;,&quot;size&quot;:35,&quot;sizes&quot;:[]},&quot;classic_row_gap_tablet&quot;:{&quot;unit&quot;:&quot;px&quot;,&quot;size&quot;:&quot;&quot;,&quot;sizes&quot;:[]},&quot;classic_row_gap_mobile&quot;:{&quot;unit&quot;:&quot;px&quot;,&quot;size&quot;:&quot;&quot;,&quot;sizes&quot;:[]}}\" data-widget_type=\"posts.classic\">\n\t\t\t\t<div class=\"elementor-widget-container\">\n\t\t\t<link rel=\"stylesheet\" href=\"https:\/\/basseempresarial.cat\/wp-content\/plugins\/elementor-pro\/assets\/css\/widget-posts.min.css\">\t\t<div class=\"elementor-posts-container elementor-posts elementor-posts--skin-classic elementor-grid\">\n\t\t\t\t<article class=\"elementor-post elementor-grid-item post-535 post type-post status-publish format-standard has-post-thumbnail hentry category-renda-2022 category-sense-categoritzar\">\n\t\t\t\t<a class=\"elementor-post__thumbnail__link\" href=\"https:\/\/basseempresarial.cat\/ca\/com-presentar-la-renda-2022\/\" tabindex=\"-1\" >\n\t\t\t<div class=\"elementor-post__thumbnail\"><img fetchpriority=\"high\" decoding=\"async\" width=\"2560\" height=\"1707\" src=\"https:\/\/basseempresarial.cat\/wp-content\/uploads\/2023\/04\/Renta2022BasseEmpresarial-scaled.jpg\" class=\"attachment-full size-full wp-image-232\" alt=\"\" srcset=\"https:\/\/basseempresarial.cat\/wp-content\/uploads\/2023\/04\/Renta2022BasseEmpresarial-scaled.jpg 2560w, https:\/\/basseempresarial.cat\/wp-content\/uploads\/2023\/04\/Renta2022BasseEmpresarial-300x200.jpg 300w, https:\/\/basseempresarial.cat\/wp-content\/uploads\/2023\/04\/Renta2022BasseEmpresarial-1024x683.jpg 1024w, https:\/\/basseempresarial.cat\/wp-content\/uploads\/2023\/04\/Renta2022BasseEmpresarial-768x512.jpg 768w, https:\/\/basseempresarial.cat\/wp-content\/uploads\/2023\/04\/Renta2022BasseEmpresarial-1536x1024.jpg 1536w, https:\/\/basseempresarial.cat\/wp-content\/uploads\/2023\/04\/Renta2022BasseEmpresarial-2048x1365.jpg 2048w\" sizes=\"(max-width: 2560px) 100vw, 2560px\" \/><\/div>\n\t\t<\/a>\n\t\t\t\t<div class=\"elementor-post__text\">\n\t\t\t\t<h3 class=\"elementor-post__title\">\n\t\t\t<a href=\"https:\/\/basseempresarial.cat\/ca\/com-presentar-la-renda-2022\/\" >\n\t\t\t\tCom presentar la Renda 2022\t\t\t<\/a>\n\t\t<\/h3>\n\t\t\t\t<div class=\"elementor-post__excerpt\">\n\t\t\t<p>Existeixen diferents opcions per tal de presentar la renda 2022, internet, telef\u00f2nicament o presencialment. Si vols saber com, llegeix el seg\u00fcent post.<\/p>\n\t\t<\/div>\n\t\t\n\t\t<a class=\"elementor-post__read-more\" href=\"https:\/\/basseempresarial.cat\/ca\/com-presentar-la-renda-2022\/\" aria-label=\"Read more about Com presentar la Renda 2022\" tabindex=\"-1\" >\n\t\t\tLlegir m\u00e9s \u00bb\t\t<\/a>\n\n\t\t\t\t<\/div>\n\t\t\t\t<\/article>\n\t\t\t\t<article class=\"elementor-post elementor-grid-item post-539 post type-post status-publish format-standard has-post-thumbnail hentry category-vivenda\">\n\t\t\t\t<a class=\"elementor-post__thumbnail__link\" href=\"https:\/\/basseempresarial.cat\/ca\/la-nova-llei-dhabitatge-2023-quins-canvis-podem-esperar\/\" tabindex=\"-1\" >\n\t\t\t<div class=\"elementor-post__thumbnail\"><img decoding=\"async\" width=\"2560\" height=\"1707\" src=\"https:\/\/basseempresarial.cat\/wp-content\/uploads\/2023\/04\/shutterstock_477964318-scaled.jpg\" class=\"attachment-full size-full wp-image-234\" alt=\"\" srcset=\"https:\/\/basseempresarial.cat\/wp-content\/uploads\/2023\/04\/shutterstock_477964318-scaled.jpg 2560w, https:\/\/basseempresarial.cat\/wp-content\/uploads\/2023\/04\/shutterstock_477964318-300x200.jpg 300w, https:\/\/basseempresarial.cat\/wp-content\/uploads\/2023\/04\/shutterstock_477964318-1024x683.jpg 1024w, https:\/\/basseempresarial.cat\/wp-content\/uploads\/2023\/04\/shutterstock_477964318-768x512.jpg 768w, https:\/\/basseempresarial.cat\/wp-content\/uploads\/2023\/04\/shutterstock_477964318-1536x1024.jpg 1536w, https:\/\/basseempresarial.cat\/wp-content\/uploads\/2023\/04\/shutterstock_477964318-2048x1365.jpg 2048w\" sizes=\"(max-width: 2560px) 100vw, 2560px\" \/><\/div>\n\t\t<\/a>\n\t\t\t\t<div class=\"elementor-post__text\">\n\t\t\t\t<h3 class=\"elementor-post__title\">\n\t\t\t<a href=\"https:\/\/basseempresarial.cat\/ca\/la-nova-llei-dhabitatge-2023-quins-canvis-podem-esperar\/\" >\n\t\t\t\tLA NOVA LLEI D&#8217;HABITATGE 2023: quins canvis podem esperar?\t\t\t<\/a>\n\t\t<\/h3>\n\t\t\t\t<div class=\"elementor-post__excerpt\">\n\t\t\t<p>L&#8217;habitatge \u00e9s sens dubte un dels b\u00e9ns m\u00e9s importants per a qualsevol persona, no nom\u00e9s perqu\u00e8 \u00e9s un b\u00e9 de primera necessitat, sin\u00f3 tamb\u00e9 perqu\u00e8, un cop adquirida, \u00e9s una de les despeses m\u00e9s importants al nostre pressupost mensual.<\/p>\n\t\t<\/div>\n\t\t\n\t\t<a class=\"elementor-post__read-more\" href=\"https:\/\/basseempresarial.cat\/ca\/la-nova-llei-dhabitatge-2023-quins-canvis-podem-esperar\/\" aria-label=\"Read more about LA NOVA LLEI D&#8217;HABITATGE 2023: quins canvis podem esperar?\" tabindex=\"-1\" >\n\t\t\tLlegir m\u00e9s \u00bb\t\t<\/a>\n\n\t\t\t\t<\/div>\n\t\t\t\t<\/article>\n\t\t\t\t<article class=\"elementor-post elementor-grid-item post-547 post type-post status-publish format-standard has-post-thumbnail hentry category-vivenda\">\n\t\t\t\t<a class=\"elementor-post__thumbnail__link\" href=\"https:\/\/basseempresarial.cat\/ca\/nova-llei-de-prevencio-de-riscos-laborals\/\" tabindex=\"-1\" >\n\t\t\t<div class=\"elementor-post__thumbnail\"><img decoding=\"async\" width=\"1000\" height=\"525\" src=\"https:\/\/basseempresarial.cat\/wp-content\/uploads\/2023\/01\/seguridadlaboral.jpg\" class=\"attachment-full size-full wp-image-236\" alt=\"\" srcset=\"https:\/\/basseempresarial.cat\/wp-content\/uploads\/2023\/01\/seguridadlaboral.jpg 1000w, https:\/\/basseempresarial.cat\/wp-content\/uploads\/2023\/01\/seguridadlaboral-300x158.jpg 300w, https:\/\/basseempresarial.cat\/wp-content\/uploads\/2023\/01\/seguridadlaboral-768x403.jpg 768w\" sizes=\"(max-width: 1000px) 100vw, 1000px\" \/><\/div>\n\t\t<\/a>\n\t\t\t\t<div class=\"elementor-post__text\">\n\t\t\t\t<h3 class=\"elementor-post__title\">\n\t\t\t<a href=\"https:\/\/basseempresarial.cat\/ca\/nova-llei-de-prevencio-de-riscos-laborals\/\" >\n\t\t\t\tNOVA LLEI DE PREVENCI\u00d3 DE RISCOS LABORALS\t\t\t<\/a>\n\t\t<\/h3>\n\t\t\t\t<div class=\"elementor-post__excerpt\">\n\t\t\t<p>La nova llei, Llei 31\/95 de Prevenci\u00f3 de Riscos Laborals (PRL), obliga a les Comunitats de Propietaris a protegir-se dels accidents que puguin patir els<\/p>\n\t\t<\/div>\n\t\t\n\t\t<a class=\"elementor-post__read-more\" href=\"https:\/\/basseempresarial.cat\/ca\/nova-llei-de-prevencio-de-riscos-laborals\/\" aria-label=\"Read more about NOVA LLEI DE PREVENCI\u00d3 DE RISCOS LABORALS\" tabindex=\"-1\" >\n\t\t\tLlegir m\u00e9s \u00bb\t\t<\/a>\n\n\t\t\t\t<\/div>\n\t\t\t\t<\/article>\n\t\t\t\t<\/div>\n\t\t\n\t\t\t\t<\/div>\n\t\t\t\t<\/div>\n\t\t\t\t\t<\/div>\n\t\t<\/div>\n\t\t\t\t\t<\/div>\n\t\t<\/section>\n\t\t\t\t<\/div>\n\t\t","protected":false},"excerpt":{"rendered":"<p>Simplifiquem les teves gestions. Idees innovadores Experts en consultoria estrat\u00e8gica per a Pimes i aut\u00f2noms amb molta projecci\u00f3 i anys d\u2019experi\u00e8ncia. Oferim un servei de qualitat, amb un seguiment molt personal. Demana Pressupost Simplifiquem les teves gestions. Idees innovadores Experts en consultoria estrat\u00e8gica per a Pimes i aut\u00f2noms amb molta projecci\u00f3 i anys d\u2019experi\u00e8ncia. Oferim &#8230; <a title=\"NOVA LLEI DE PREVENCI\u00d3 DE RISCOS LABORALS\" class=\"read-more\" href=\"https:\/\/basseempresarial.cat\/ca\/nova-llei-de-prevencio-de-riscos-laborals\/\" aria-label=\"M\u00e9s informaci\u00f3 sobre NOVA LLEI DE PREVENCI\u00d3 DE RISCOS LABORALS\">Llegiu m\u00e9s<\/a><\/p>\n","protected":false},"author":1,"featured_media":0,"parent":0,"menu_order":0,"comment_status":"closed","ping_status":"closed","template":"","meta":{"footnotes":""},"class_list":["post-294","page","type-page","status-publish","hentry"],"yoast_head":"<!-- This site is optimized with the Yoast SEO plugin v22.8 - https:\/\/yoast.com\/wordpress\/plugins\/seo\/ -->\n<title>Not\u00edcies - Basse Empresarial<\/title>\n<meta name=\"robots\" content=\"index, follow, max-snippet:-1, max-image-preview:large, max-video-preview:-1\" \/>\n<link rel=\"canonical\" href=\"https:\/\/basseempresarial.cat\/ca\/noticies\/\" \/>\n<meta property=\"og:locale\" content=\"ca_ES\" \/>\n<meta property=\"og:type\" content=\"article\" \/>\n<meta property=\"og:title\" content=\"Not\u00edcies - Basse Empresarial\" \/>\n<meta property=\"og:description\" content=\"Simplifiquem les teves gestions. Idees innovadores Experts en consultoria estrat\u00e8gica per a Pimes i aut\u00f2noms amb molta projecci\u00f3 i anys d\u2019experi\u00e8ncia. Oferim un servei de qualitat, amb un seguiment molt personal. Demana Pressupost Simplifiquem les teves gestions. Idees innovadores Experts en consultoria estrat\u00e8gica per a Pimes i aut\u00f2noms amb molta projecci\u00f3 i anys d\u2019experi\u00e8ncia. Oferim ... Llegiu m\u00e9s\" \/>\n<meta property=\"og:url\" content=\"https:\/\/basseempresarial.cat\/ca\/noticies\/\" \/>\n<meta property=\"og:site_name\" content=\"Basse Empresarial\" \/>\n<meta property=\"article:modified_time\" content=\"2023-05-02T14:18:00+00:00\" \/>\n<meta name=\"twitter:card\" content=\"summary_large_image\" \/>\n<script type=\"application\/ld+json\" class=\"yoast-schema-graph\">{\"@context\":\"https:\/\/schema.org\",\"@graph\":[{\"@type\":\"WebPage\",\"@id\":\"https:\/\/basseempresarial.cat\/ca\/noticies\/\",\"url\":\"https:\/\/basseempresarial.cat\/ca\/noticies\/\",\"name\":\"Not\u00edcies - Basse Empresarial\",\"isPartOf\":{\"@id\":\"https:\/\/basseempresarial.cat\/#website\"},\"datePublished\":\"2023-04-28T15:41:16+00:00\",\"dateModified\":\"2023-05-02T14:18:00+00:00\",\"breadcrumb\":{\"@id\":\"https:\/\/basseempresarial.cat\/ca\/noticies\/#breadcrumb\"},\"inLanguage\":\"ca\",\"potentialAction\":[{\"@type\":\"ReadAction\",\"target\":[\"https:\/\/basseempresarial.cat\/ca\/noticies\/\"]}]},{\"@type\":\"BreadcrumbList\",\"@id\":\"https:\/\/basseempresarial.cat\/ca\/noticies\/#breadcrumb\",\"itemListElement\":[{\"@type\":\"ListItem\",\"position\":1,\"name\":\"Portada\",\"item\":\"https:\/\/basseempresarial.cat\/ca\/landing\/\"},{\"@type\":\"ListItem\",\"position\":2,\"name\":\"Not\u00edcies\"}]},{\"@type\":\"WebSite\",\"@id\":\"https:\/\/basseempresarial.cat\/#website\",\"url\":\"https:\/\/basseempresarial.cat\/\",\"name\":\"Basse Empresarial\",\"description\":\"S&oacute;lo otro sitio de WordPress\",\"publisher\":{\"@id\":\"https:\/\/basseempresarial.cat\/#organization\"},\"potentialAction\":[{\"@type\":\"SearchAction\",\"target\":{\"@type\":\"EntryPoint\",\"urlTemplate\":\"https:\/\/basseempresarial.cat\/?s={search_term_string}\"},\"query-input\":\"required name=search_term_string\"}],\"inLanguage\":\"ca\"},{\"@type\":\"Organization\",\"@id\":\"https:\/\/basseempresarial.cat\/#organization\",\"name\":\"Basse Empresarial\",\"url\":\"https:\/\/basseempresarial.cat\/\",\"logo\":{\"@type\":\"ImageObject\",\"inLanguage\":\"ca\",\"@id\":\"https:\/\/basseempresarial.cat\/#\/schema\/logo\/image\/\",\"url\":\"https:\/\/basseempresarial.cat\/wp-content\/uploads\/2023\/04\/BASSE-EMPRESARIAL.png\",\"contentUrl\":\"https:\/\/basseempresarial.cat\/wp-content\/uploads\/2023\/04\/BASSE-EMPRESARIAL.png\",\"width\":500,\"height\":161,\"caption\":\"Basse Empresarial\"},\"image\":{\"@id\":\"https:\/\/basseempresarial.cat\/#\/schema\/logo\/image\/\"}}]}<\/script>\n<!-- \/ Yoast SEO plugin. -->","yoast_head_json":{"title":"Not\u00edcies - Basse Empresarial","robots":{"index":"index","follow":"follow","max-snippet":"max-snippet:-1","max-image-preview":"max-image-preview:large","max-video-preview":"max-video-preview:-1"},"canonical":"https:\/\/basseempresarial.cat\/ca\/noticies\/","og_locale":"ca_ES","og_type":"article","og_title":"Not\u00edcies - Basse Empresarial","og_description":"Simplifiquem les teves gestions. Idees innovadores Experts en consultoria estrat\u00e8gica per a Pimes i aut\u00f2noms amb molta projecci\u00f3 i anys d\u2019experi\u00e8ncia. Oferim un servei de qualitat, amb un seguiment molt personal. Demana Pressupost Simplifiquem les teves gestions. Idees innovadores Experts en consultoria estrat\u00e8gica per a Pimes i aut\u00f2noms amb molta projecci\u00f3 i anys d\u2019experi\u00e8ncia. Oferim ... Llegiu m\u00e9s","og_url":"https:\/\/basseempresarial.cat\/ca\/noticies\/","og_site_name":"Basse Empresarial","article_modified_time":"2023-05-02T14:18:00+00:00","twitter_card":"summary_large_image","schema":{"@context":"https:\/\/schema.org","@graph":[{"@type":"WebPage","@id":"https:\/\/basseempresarial.cat\/ca\/noticies\/","url":"https:\/\/basseempresarial.cat\/ca\/noticies\/","name":"Not\u00edcies - Basse Empresarial","isPartOf":{"@id":"https:\/\/basseempresarial.cat\/#website"},"datePublished":"2023-04-28T15:41:16+00:00","dateModified":"2023-05-02T14:18:00+00:00","breadcrumb":{"@id":"https:\/\/basseempresarial.cat\/ca\/noticies\/#breadcrumb"},"inLanguage":"ca","potentialAction":[{"@type":"ReadAction","target":["https:\/\/basseempresarial.cat\/ca\/noticies\/"]}]},{"@type":"BreadcrumbList","@id":"https:\/\/basseempresarial.cat\/ca\/noticies\/#breadcrumb","itemListElement":[{"@type":"ListItem","position":1,"name":"Portada","item":"https:\/\/basseempresarial.cat\/ca\/landing\/"},{"@type":"ListItem","position":2,"name":"Not\u00edcies"}]},{"@type":"WebSite","@id":"https:\/\/basseempresarial.cat\/#website","url":"https:\/\/basseempresarial.cat\/","name":"Basse Empresarial","description":"S&oacute;lo otro sitio de WordPress","publisher":{"@id":"https:\/\/basseempresarial.cat\/#organization"},"potentialAction":[{"@type":"SearchAction","target":{"@type":"EntryPoint","urlTemplate":"https:\/\/basseempresarial.cat\/?s={search_term_string}"},"query-input":"required name=search_term_string"}],"inLanguage":"ca"},{"@type":"Organization","@id":"https:\/\/basseempresarial.cat\/#organization","name":"Basse Empresarial","url":"https:\/\/basseempresarial.cat\/","logo":{"@type":"ImageObject","inLanguage":"ca","@id":"https:\/\/basseempresarial.cat\/#\/schema\/logo\/image\/","url":"https:\/\/basseempresarial.cat\/wp-content\/uploads\/2023\/04\/BASSE-EMPRESARIAL.png","contentUrl":"https:\/\/basseempresarial.cat\/wp-content\/uploads\/2023\/04\/BASSE-EMPRESARIAL.png","width":500,"height":161,"caption":"Basse Empresarial"},"image":{"@id":"https:\/\/basseempresarial.cat\/#\/schema\/logo\/image\/"}}]}},"_links":{"self":[{"href":"https:\/\/basseempresarial.cat\/ca\/wp-json\/wp\/v2\/pages\/294","targetHints":{"allow":["GET"]}}],"collection":[{"href":"https:\/\/basseempresarial.cat\/ca\/wp-json\/wp\/v2\/pages"}],"about":[{"href":"https:\/\/basseempresarial.cat\/ca\/wp-json\/wp\/v2\/types\/page"}],"author":[{"embeddable":true,"href":"https:\/\/basseempresarial.cat\/ca\/wp-json\/wp\/v2\/users\/1"}],"replies":[{"embeddable":true,"href":"https:\/\/basseempresarial.cat\/ca\/wp-json\/wp\/v2\/comments?post=294"}],"version-history":[{"count":7,"href":"https:\/\/basseempresarial.cat\/ca\/wp-json\/wp\/v2\/pages\/294\/revisions"}],"predecessor-version":[{"id":434,"href":"https:\/\/basseempresarial.cat\/ca\/wp-json\/wp\/v2\/pages\/294\/revisions\/434"}],"wp:attachment":[{"href":"https:\/\/basseempresarial.cat\/ca\/wp-json\/wp\/v2\/media?parent=294"}],"curies":[{"name":"wp","href":"https:\/\/api.w.org\/{rel}","templated":true}]}}