{"id":268,"date":"2023-04-28T12:49:14","date_gmt":"2023-04-28T12:49:14","guid":{"rendered":"https:\/\/basseempresarial.cat\/auditoria\/"},"modified":"2023-05-02T14:17:11","modified_gmt":"2023-05-02T14:17:11","slug":"auditoria","status":"publish","type":"page","link":"https:\/\/basseempresarial.cat\/ca\/auditoria\/","title":{"rendered":"Auditoria"},"content":{"rendered":"\t\t<div data-elementor-type=\"wp-page\" data-elementor-id=\"268\" class=\"elementor elementor-268 elementor-118\" data-elementor-post-type=\"page\">\n\t\t\t\t\t\t<section class=\"elementor-section elementor-top-section elementor-element elementor-element-95e9b54 elementor-section-full_width elementor-section-height-min-height elementor-section-stretched elementor-hidden-mobile elementor-section-height-default elementor-section-items-middle\" data-id=\"95e9b54\" data-element_type=\"section\" data-settings=\"{&quot;stretch_section&quot;:&quot;section-stretched&quot;,&quot;background_background&quot;:&quot;slideshow&quot;,&quot;background_slideshow_gallery&quot;:[{&quot;id&quot;:46,&quot;url&quot;:&quot;https:\\\/\\\/basseempresarial.cat\\\/wp-content\\\/uploads\\\/2023\\\/04\\\/OrdinadorBASSEEMPRESARIAL.jpg&quot;},{&quot;id&quot;:45,&quot;url&quot;:&quot;https:\\\/\\\/basseempresarial.cat\\\/wp-content\\\/uploads\\\/2023\\\/04\\\/MansNegocisBASSEEMPRESARIAL.jpg&quot;},{&quot;id&quot;:44,&quot;url&quot;:&quot;https:\\\/\\\/basseempresarial.cat\\\/wp-content\\\/uploads\\\/2023\\\/04\\\/mansipapersBASSEEMPRESARIAL.jpg&quot;}],&quot;background_slideshow_loop&quot;:&quot;yes&quot;,&quot;background_slideshow_slide_duration&quot;:5000,&quot;background_slideshow_slide_transition&quot;:&quot;fade&quot;,&quot;background_slideshow_transition_duration&quot;:500}\">\n\t\t\t\t\t\t<div class=\"elementor-container elementor-column-gap-no\">\n\t\t\t\t\t<div class=\"elementor-column elementor-col-100 elementor-top-column elementor-element elementor-element-e9fbe8c\" data-id=\"e9fbe8c\" data-element_type=\"column\">\n\t\t\t<div class=\"elementor-widget-wrap elementor-element-populated\">\n\t\t\t\t\t\t<section class=\"elementor-section elementor-inner-section elementor-element elementor-element-b6dc525 elementor-section-boxed elementor-section-height-default elementor-section-height-default\" data-id=\"b6dc525\" data-element_type=\"section\">\n\t\t\t\t\t\t<div class=\"elementor-container elementor-column-gap-default\">\n\t\t\t\t\t<div class=\"elementor-column elementor-col-50 elementor-inner-column elementor-element elementor-element-7d48716\" data-id=\"7d48716\" data-element_type=\"column\">\n\t\t\t<div class=\"elementor-widget-wrap\">\n\t\t\t\t\t\t\t<\/div>\n\t\t<\/div>\n\t\t\t\t<div class=\"elementor-column elementor-col-50 elementor-inner-column elementor-element elementor-element-47067fc\" data-id=\"47067fc\" data-element_type=\"column\">\n\t\t\t<div class=\"elementor-widget-wrap elementor-element-populated\">\n\t\t\t\t\t\t<div class=\"elementor-element elementor-element-90aec65 elementor-widget elementor-widget-heading\" data-id=\"90aec65\" data-element_type=\"widget\" data-widget_type=\"heading.default\">\n\t\t\t\t<div class=\"elementor-widget-container\">\n\t\t\t<style>\/*! elementor - v3.21.0 - 26-05-2024 *\/\n.elementor-heading-title{padding:0;margin:0;line-height:1}.elementor-widget-heading .elementor-heading-title[class*=elementor-size-]>a{color:inherit;font-size:inherit;line-height:inherit}.elementor-widget-heading .elementor-heading-title.elementor-size-small{font-size:15px}.elementor-widget-heading .elementor-heading-title.elementor-size-medium{font-size:19px}.elementor-widget-heading .elementor-heading-title.elementor-size-large{font-size:29px}.elementor-widget-heading .elementor-heading-title.elementor-size-xl{font-size:39px}.elementor-widget-heading .elementor-heading-title.elementor-size-xxl{font-size:59px}<\/style><h2 class=\"elementor-heading-title elementor-size-default\">Simplifiquem les teves gestions.<br>\nIdees innovadores<\/h2>\t\t<\/div>\n\t\t\t\t<\/div>\n\t\t\t\t<div class=\"elementor-element elementor-element-4d1f17f elementor-widget elementor-widget-heading\" data-id=\"4d1f17f\" data-element_type=\"widget\" data-widget_type=\"heading.default\">\n\t\t\t\t<div class=\"elementor-widget-container\">\n\t\t\t<h2 class=\"elementor-heading-title elementor-size-default\">Experts en consultoria estrat\u00e8gica per a Pimes\ni aut\u00f2noms amb molta projecci\u00f3 i anys d\u2019experi\u00e8ncia.<br>\nOferim un servei de qualitat, amb un seguiment molt personal.<\/h2>\t\t<\/div>\n\t\t\t\t<\/div>\n\t\t\t\t<div class=\"elementor-element elementor-element-6a21eeb elementor-align-right elementor-widget elementor-widget-button\" data-id=\"6a21eeb\" data-element_type=\"widget\" data-widget_type=\"button.default\">\n\t\t\t\t<div class=\"elementor-widget-container\">\n\t\t\t\t\t<div class=\"elementor-button-wrapper\">\n\t\t\t<a class=\"elementor-button elementor-button-link elementor-size-sm\" href=\"https:\/\/basseempresarial.cat\/ca\/contacte\/\">\n\t\t\t\t\t\t<span class=\"elementor-button-content-wrapper\">\n\t\t\t\t\t\t\t\t\t<span class=\"elementor-button-text\">Demana Pressupost<\/span>\n\t\t\t\t\t<\/span>\n\t\t\t\t\t<\/a>\n\t\t<\/div>\n\t\t\t\t<\/div>\n\t\t\t\t<\/div>\n\t\t\t\t\t<\/div>\n\t\t<\/div>\n\t\t\t\t\t<\/div>\n\t\t<\/section>\n\t\t\t\t\t<\/div>\n\t\t<\/div>\n\t\t\t\t\t<\/div>\n\t\t<\/section>\n\t\t\t\t<section class=\"elementor-section elementor-top-section elementor-element elementor-element-adc474c elementor-section-full_width elementor-section-height-min-height elementor-section-stretched elementor-hidden-desktop elementor-hidden-tablet elementor-section-height-default elementor-section-items-middle\" data-id=\"adc474c\" data-element_type=\"section\" data-settings=\"{&quot;stretch_section&quot;:&quot;section-stretched&quot;,&quot;background_background&quot;:&quot;slideshow&quot;,&quot;background_slideshow_gallery&quot;:[{&quot;id&quot;:53,&quot;url&quot;:&quot;https:\\\/\\\/basseempresarial.cat\\\/wp-content\\\/uploads\\\/2023\\\/04\\\/fondo-movil-3.jpg&quot;},{&quot;id&quot;:52,&quot;url&quot;:&quot;https:\\\/\\\/basseempresarial.cat\\\/wp-content\\\/uploads\\\/2023\\\/04\\\/fondomovil-2.jpg&quot;},{&quot;id&quot;:51,&quot;url&quot;:&quot;https:\\\/\\\/basseempresarial.cat\\\/wp-content\\\/uploads\\\/2023\\\/04\\\/fondomovil-1.jpg&quot;}],&quot;background_slideshow_loop&quot;:&quot;yes&quot;,&quot;background_slideshow_slide_duration&quot;:5000,&quot;background_slideshow_slide_transition&quot;:&quot;fade&quot;,&quot;background_slideshow_transition_duration&quot;:500}\">\n\t\t\t\t\t\t<div class=\"elementor-container elementor-column-gap-no\">\n\t\t\t\t\t<div class=\"elementor-column elementor-col-100 elementor-top-column elementor-element elementor-element-d50f9df\" data-id=\"d50f9df\" data-element_type=\"column\">\n\t\t\t<div class=\"elementor-widget-wrap elementor-element-populated\">\n\t\t\t\t\t\t<section class=\"elementor-section elementor-inner-section elementor-element elementor-element-c1e02ad elementor-section-boxed elementor-section-height-default elementor-section-height-default\" data-id=\"c1e02ad\" data-element_type=\"section\">\n\t\t\t\t\t\t<div class=\"elementor-container elementor-column-gap-default\">\n\t\t\t\t\t<div class=\"elementor-column elementor-col-50 elementor-inner-column elementor-element elementor-element-ef51e91\" data-id=\"ef51e91\" data-element_type=\"column\">\n\t\t\t<div class=\"elementor-widget-wrap\">\n\t\t\t\t\t\t\t<\/div>\n\t\t<\/div>\n\t\t\t\t<div class=\"elementor-column elementor-col-50 elementor-inner-column elementor-element elementor-element-dce017c\" data-id=\"dce017c\" data-element_type=\"column\">\n\t\t\t<div class=\"elementor-widget-wrap elementor-element-populated\">\n\t\t\t\t\t\t<div class=\"elementor-element elementor-element-5cfb006 elementor-widget elementor-widget-heading\" data-id=\"5cfb006\" data-element_type=\"widget\" data-widget_type=\"heading.default\">\n\t\t\t\t<div class=\"elementor-widget-container\">\n\t\t\t<h2 class=\"elementor-heading-title elementor-size-default\">Simplifiquem les teves gestions.<br>\nIdees innovadores<\/h2>\t\t<\/div>\n\t\t\t\t<\/div>\n\t\t\t\t<div class=\"elementor-element elementor-element-57e8469 elementor-widget elementor-widget-heading\" data-id=\"57e8469\" data-element_type=\"widget\" data-widget_type=\"heading.default\">\n\t\t\t\t<div class=\"elementor-widget-container\">\n\t\t\t<h2 class=\"elementor-heading-title elementor-size-default\">Experts en consultoria estrat\u00e8gica per a Pimes\ni aut\u00f2noms amb molta projecci\u00f3 i anys d\u2019experi\u00e8ncia.<br>\nOferim un servei de qualitat, amb un seguiment molt personal.<\/h2>\t\t<\/div>\n\t\t\t\t<\/div>\n\t\t\t\t<div class=\"elementor-element elementor-element-afcfd8d elementor-align-right elementor-widget elementor-widget-button\" data-id=\"afcfd8d\" data-element_type=\"widget\" data-widget_type=\"button.default\">\n\t\t\t\t<div class=\"elementor-widget-container\">\n\t\t\t\t\t<div class=\"elementor-button-wrapper\">\n\t\t\t<a class=\"elementor-button elementor-button-link elementor-size-sm\" href=\"https:\/\/basseempresarial.cat\/ca\/contacte\/\">\n\t\t\t\t\t\t<span class=\"elementor-button-content-wrapper\">\n\t\t\t\t\t\t\t\t\t<span class=\"elementor-button-text\">Demana Pressupost<\/span>\n\t\t\t\t\t<\/span>\n\t\t\t\t\t<\/a>\n\t\t<\/div>\n\t\t\t\t<\/div>\n\t\t\t\t<\/div>\n\t\t\t\t\t<\/div>\n\t\t<\/div>\n\t\t\t\t\t<\/div>\n\t\t<\/section>\n\t\t\t\t\t<\/div>\n\t\t<\/div>\n\t\t\t\t\t<\/div>\n\t\t<\/section>\n\t\t\t\t<section class=\"elementor-section elementor-top-section elementor-element elementor-element-875542d elementor-section-boxed elementor-section-height-default elementor-section-height-default\" data-id=\"875542d\" data-element_type=\"section\">\n\t\t\t\t\t\t<div class=\"elementor-container elementor-column-gap-default\">\n\t\t\t\t\t<div class=\"elementor-column elementor-col-100 elementor-top-column elementor-element elementor-element-e4b1086\" data-id=\"e4b1086\" data-element_type=\"column\">\n\t\t\t<div class=\"elementor-widget-wrap elementor-element-populated\">\n\t\t\t\t\t\t<div class=\"elementor-element elementor-element-b521a73 elementor-widget elementor-widget-heading\" data-id=\"b521a73\" data-element_type=\"widget\" data-widget_type=\"heading.default\">\n\t\t\t\t<div class=\"elementor-widget-container\">\n\t\t\t<h2 class=\"elementor-heading-title elementor-size-default\">Auditoria<\/h2>\t\t<\/div>\n\t\t\t\t<\/div>\n\t\t\t\t<div class=\"elementor-element elementor-element-af3ee77 elementor-widget elementor-widget-text-editor\" data-id=\"af3ee77\" data-element_type=\"widget\" data-widget_type=\"text-editor.default\">\n\t\t\t\t<div class=\"elementor-widget-container\">\n\t\t\t<style>\/*! elementor - v3.21.0 - 26-05-2024 *\/\n.elementor-widget-text-editor.elementor-drop-cap-view-stacked .elementor-drop-cap{background-color:#69727d;color:#fff}.elementor-widget-text-editor.elementor-drop-cap-view-framed .elementor-drop-cap{color:#69727d;border:3px solid;background-color:transparent}.elementor-widget-text-editor:not(.elementor-drop-cap-view-default) .elementor-drop-cap{margin-top:8px}.elementor-widget-text-editor:not(.elementor-drop-cap-view-default) .elementor-drop-cap-letter{width:1em;height:1em}.elementor-widget-text-editor .elementor-drop-cap{float:left;text-align:center;line-height:1;font-size:50px}.elementor-widget-text-editor .elementor-drop-cap-letter{display:inline-block}<\/style>\t\t\t\t<p>A Basse Empresarial comptem amb un ampli equip d&#8217;auditors molt especialitzats per oferir un servei \u00f2ptim en cada cas i cada client en diferents \u00e0mbits de l&#8217;auditoria.<\/p>\n<p>En cada cas, el nostre equip d&#8217;experts estudiaran la seva empresa, com est\u00e0 gestionada i la seva organitzaci\u00f3 per elaborar-ne un estudi complet.<\/p>\n<p>El principal objectiu dels nostres professionals \u00e9s revisar els comptes amb l&#8217;objectiu de veure si l&#8217;empresa ha utilitzat els seus recursos de manera eficient i efica\u00e7 i ajudar-los a millorar.<\/p>\n<p>Una empresa o persona necessita serveis d&#8217;auditoria per optimitzar els seus serveis, per motius legals, per avaluar i comprovar que l&#8217;empresa est\u00e0 en condicions \u00f2ptimes per presentar-la a la junta directiva.<\/p>\n\t\t\t\t\t\t<\/div>\n\t\t\t\t<\/div>\n\t\t\t\t\t<\/div>\n\t\t<\/div>\n\t\t\t\t\t<\/div>\n\t\t<\/section>\n\t\t\t\t<\/div>\n\t\t","protected":false},"excerpt":{"rendered":"<p>Simplifiquem les teves gestions. Idees innovadores Experts en consultoria estrat\u00e8gica per a Pimes i aut\u00f2noms amb molta projecci\u00f3 i anys d\u2019experi\u00e8ncia. Oferim un servei de qualitat, amb un seguiment molt personal. Demana Pressupost Simplifiquem les teves gestions. Idees innovadores Experts en consultoria estrat\u00e8gica per a Pimes i aut\u00f2noms amb molta projecci\u00f3 i anys d\u2019experi\u00e8ncia. Oferim &#8230; <a title=\"Auditoria\" class=\"read-more\" href=\"https:\/\/basseempresarial.cat\/ca\/auditoria\/\" aria-label=\"M\u00e9s informaci\u00f3 sobre Auditoria\">Llegiu m\u00e9s<\/a><\/p>\n","protected":false},"author":1,"featured_media":0,"parent":0,"menu_order":0,"comment_status":"closed","ping_status":"closed","template":"","meta":{"footnotes":""},"class_list":["post-268","page","type-page","status-publish"],"yoast_head":"<!-- This site is optimized with the Yoast SEO plugin v22.8 - https:\/\/yoast.com\/wordpress\/plugins\/seo\/ -->\n<title>Auditoria - Basse Empresarial<\/title>\n<meta name=\"robots\" content=\"index, follow, max-snippet:-1, max-image-preview:large, max-video-preview:-1\" \/>\n<link rel=\"canonical\" href=\"https:\/\/basseempresarial.cat\/ca\/auditoria\/\" \/>\n<meta property=\"og:locale\" content=\"ca_ES\" \/>\n<meta property=\"og:type\" content=\"article\" \/>\n<meta property=\"og:title\" content=\"Auditoria - Basse Empresarial\" \/>\n<meta property=\"og:description\" content=\"Simplifiquem les teves gestions. Idees innovadores Experts en consultoria estrat\u00e8gica per a Pimes i aut\u00f2noms amb molta projecci\u00f3 i anys d\u2019experi\u00e8ncia. Oferim un servei de qualitat, amb un seguiment molt personal. Demana Pressupost Simplifiquem les teves gestions. Idees innovadores Experts en consultoria estrat\u00e8gica per a Pimes i aut\u00f2noms amb molta projecci\u00f3 i anys d\u2019experi\u00e8ncia. Oferim ... Llegiu m\u00e9s\" \/>\n<meta property=\"og:url\" content=\"https:\/\/basseempresarial.cat\/ca\/auditoria\/\" \/>\n<meta property=\"og:site_name\" content=\"Basse Empresarial\" \/>\n<meta property=\"article:modified_time\" content=\"2023-05-02T14:17:11+00:00\" \/>\n<meta name=\"twitter:card\" content=\"summary_large_image\" \/>\n<meta name=\"twitter:label1\" content=\"Temps estimat de lectura\" \/>\n\t<meta name=\"twitter:data1\" content=\"1 minut\" \/>\n<script type=\"application\/ld+json\" class=\"yoast-schema-graph\">{\"@context\":\"https:\/\/schema.org\",\"@graph\":[{\"@type\":\"WebPage\",\"@id\":\"https:\/\/basseempresarial.cat\/ca\/auditoria\/\",\"url\":\"https:\/\/basseempresarial.cat\/ca\/auditoria\/\",\"name\":\"Auditoria - Basse Empresarial\",\"isPartOf\":{\"@id\":\"https:\/\/basseempresarial.cat\/#website\"},\"datePublished\":\"2023-04-28T12:49:14+00:00\",\"dateModified\":\"2023-05-02T14:17:11+00:00\",\"breadcrumb\":{\"@id\":\"https:\/\/basseempresarial.cat\/ca\/auditoria\/#breadcrumb\"},\"inLanguage\":\"ca\",\"potentialAction\":[{\"@type\":\"ReadAction\",\"target\":[\"https:\/\/basseempresarial.cat\/ca\/auditoria\/\"]}]},{\"@type\":\"BreadcrumbList\",\"@id\":\"https:\/\/basseempresarial.cat\/ca\/auditoria\/#breadcrumb\",\"itemListElement\":[{\"@type\":\"ListItem\",\"position\":1,\"name\":\"Portada\",\"item\":\"https:\/\/basseempresarial.cat\/ca\/landing\/\"},{\"@type\":\"ListItem\",\"position\":2,\"name\":\"Auditoria\"}]},{\"@type\":\"WebSite\",\"@id\":\"https:\/\/basseempresarial.cat\/#website\",\"url\":\"https:\/\/basseempresarial.cat\/\",\"name\":\"Basse Empresarial\",\"description\":\"S&oacute;lo otro sitio de WordPress\",\"publisher\":{\"@id\":\"https:\/\/basseempresarial.cat\/#organization\"},\"potentialAction\":[{\"@type\":\"SearchAction\",\"target\":{\"@type\":\"EntryPoint\",\"urlTemplate\":\"https:\/\/basseempresarial.cat\/?s={search_term_string}\"},\"query-input\":\"required name=search_term_string\"}],\"inLanguage\":\"ca\"},{\"@type\":\"Organization\",\"@id\":\"https:\/\/basseempresarial.cat\/#organization\",\"name\":\"Basse Empresarial\",\"url\":\"https:\/\/basseempresarial.cat\/\",\"logo\":{\"@type\":\"ImageObject\",\"inLanguage\":\"ca\",\"@id\":\"https:\/\/basseempresarial.cat\/#\/schema\/logo\/image\/\",\"url\":\"https:\/\/basseempresarial.cat\/wp-content\/uploads\/2023\/04\/BASSE-EMPRESARIAL.png\",\"contentUrl\":\"https:\/\/basseempresarial.cat\/wp-content\/uploads\/2023\/04\/BASSE-EMPRESARIAL.png\",\"width\":500,\"height\":161,\"caption\":\"Basse Empresarial\"},\"image\":{\"@id\":\"https:\/\/basseempresarial.cat\/#\/schema\/logo\/image\/\"}}]}<\/script>\n<!-- \/ Yoast SEO plugin. -->","yoast_head_json":{"title":"Auditoria - Basse Empresarial","robots":{"index":"index","follow":"follow","max-snippet":"max-snippet:-1","max-image-preview":"max-image-preview:large","max-video-preview":"max-video-preview:-1"},"canonical":"https:\/\/basseempresarial.cat\/ca\/auditoria\/","og_locale":"ca_ES","og_type":"article","og_title":"Auditoria - Basse Empresarial","og_description":"Simplifiquem les teves gestions. Idees innovadores Experts en consultoria estrat\u00e8gica per a Pimes i aut\u00f2noms amb molta projecci\u00f3 i anys d\u2019experi\u00e8ncia. Oferim un servei de qualitat, amb un seguiment molt personal. Demana Pressupost Simplifiquem les teves gestions. Idees innovadores Experts en consultoria estrat\u00e8gica per a Pimes i aut\u00f2noms amb molta projecci\u00f3 i anys d\u2019experi\u00e8ncia. Oferim ... Llegiu m\u00e9s","og_url":"https:\/\/basseempresarial.cat\/ca\/auditoria\/","og_site_name":"Basse Empresarial","article_modified_time":"2023-05-02T14:17:11+00:00","twitter_card":"summary_large_image","twitter_misc":{"Temps estimat de lectura":"1 minut"},"schema":{"@context":"https:\/\/schema.org","@graph":[{"@type":"WebPage","@id":"https:\/\/basseempresarial.cat\/ca\/auditoria\/","url":"https:\/\/basseempresarial.cat\/ca\/auditoria\/","name":"Auditoria - Basse Empresarial","isPartOf":{"@id":"https:\/\/basseempresarial.cat\/#website"},"datePublished":"2023-04-28T12:49:14+00:00","dateModified":"2023-05-02T14:17:11+00:00","breadcrumb":{"@id":"https:\/\/basseempresarial.cat\/ca\/auditoria\/#breadcrumb"},"inLanguage":"ca","potentialAction":[{"@type":"ReadAction","target":["https:\/\/basseempresarial.cat\/ca\/auditoria\/"]}]},{"@type":"BreadcrumbList","@id":"https:\/\/basseempresarial.cat\/ca\/auditoria\/#breadcrumb","itemListElement":[{"@type":"ListItem","position":1,"name":"Portada","item":"https:\/\/basseempresarial.cat\/ca\/landing\/"},{"@type":"ListItem","position":2,"name":"Auditoria"}]},{"@type":"WebSite","@id":"https:\/\/basseempresarial.cat\/#website","url":"https:\/\/basseempresarial.cat\/","name":"Basse Empresarial","description":"S&oacute;lo otro sitio de WordPress","publisher":{"@id":"https:\/\/basseempresarial.cat\/#organization"},"potentialAction":[{"@type":"SearchAction","target":{"@type":"EntryPoint","urlTemplate":"https:\/\/basseempresarial.cat\/?s={search_term_string}"},"query-input":"required name=search_term_string"}],"inLanguage":"ca"},{"@type":"Organization","@id":"https:\/\/basseempresarial.cat\/#organization","name":"Basse Empresarial","url":"https:\/\/basseempresarial.cat\/","logo":{"@type":"ImageObject","inLanguage":"ca","@id":"https:\/\/basseempresarial.cat\/#\/schema\/logo\/image\/","url":"https:\/\/basseempresarial.cat\/wp-content\/uploads\/2023\/04\/BASSE-EMPRESARIAL.png","contentUrl":"https:\/\/basseempresarial.cat\/wp-content\/uploads\/2023\/04\/BASSE-EMPRESARIAL.png","width":500,"height":161,"caption":"Basse Empresarial"},"image":{"@id":"https:\/\/basseempresarial.cat\/#\/schema\/logo\/image\/"}}]}},"_links":{"self":[{"href":"https:\/\/basseempresarial.cat\/ca\/wp-json\/wp\/v2\/pages\/268","targetHints":{"allow":["GET"]}}],"collection":[{"href":"https:\/\/basseempresarial.cat\/ca\/wp-json\/wp\/v2\/pages"}],"about":[{"href":"https:\/\/basseempresarial.cat\/ca\/wp-json\/wp\/v2\/types\/page"}],"author":[{"embeddable":true,"href":"https:\/\/basseempresarial.cat\/ca\/wp-json\/wp\/v2\/users\/1"}],"replies":[{"embeddable":true,"href":"https:\/\/basseempresarial.cat\/ca\/wp-json\/wp\/v2\/comments?post=268"}],"version-history":[{"count":5,"href":"https:\/\/basseempresarial.cat\/ca\/wp-json\/wp\/v2\/pages\/268\/revisions"}],"predecessor-version":[{"id":418,"href":"https:\/\/basseempresarial.cat\/ca\/wp-json\/wp\/v2\/pages\/268\/revisions\/418"}],"wp:attachment":[{"href":"https:\/\/basseempresarial.cat\/ca\/wp-json\/wp\/v2\/media?parent=268"}],"curies":[{"name":"wp","href":"https:\/\/api.w.org\/{rel}","templated":true}]}}