{"id":264,"date":"2023-04-28T12:34:59","date_gmt":"2023-04-28T12:34:59","guid":{"rendered":"https:\/\/basseempresarial.cat\/assessoria\/"},"modified":"2023-05-02T14:17:01","modified_gmt":"2023-05-02T14:17:01","slug":"assessoria","status":"publish","type":"page","link":"https:\/\/basseempresarial.cat\/ca\/assessoria\/","title":{"rendered":"Assessoria"},"content":{"rendered":"\t\t<div data-elementor-type=\"wp-page\" data-elementor-id=\"264\" class=\"elementor elementor-264 elementor-108\" data-elementor-post-type=\"page\">\n\t\t\t\t\t\t<section class=\"elementor-section elementor-top-section elementor-element elementor-element-95e9b54 elementor-section-full_width elementor-section-height-min-height elementor-section-stretched elementor-hidden-mobile elementor-section-height-default elementor-section-items-middle\" data-id=\"95e9b54\" data-element_type=\"section\" data-settings=\"{&quot;stretch_section&quot;:&quot;section-stretched&quot;,&quot;background_background&quot;:&quot;slideshow&quot;,&quot;background_slideshow_gallery&quot;:[{&quot;id&quot;:46,&quot;url&quot;:&quot;https:\\\/\\\/basseempresarial.cat\\\/wp-content\\\/uploads\\\/2023\\\/04\\\/OrdinadorBASSEEMPRESARIAL.jpg&quot;},{&quot;id&quot;:45,&quot;url&quot;:&quot;https:\\\/\\\/basseempresarial.cat\\\/wp-content\\\/uploads\\\/2023\\\/04\\\/MansNegocisBASSEEMPRESARIAL.jpg&quot;},{&quot;id&quot;:44,&quot;url&quot;:&quot;https:\\\/\\\/basseempresarial.cat\\\/wp-content\\\/uploads\\\/2023\\\/04\\\/mansipapersBASSEEMPRESARIAL.jpg&quot;}],&quot;background_slideshow_loop&quot;:&quot;yes&quot;,&quot;background_slideshow_slide_duration&quot;:5000,&quot;background_slideshow_slide_transition&quot;:&quot;fade&quot;,&quot;background_slideshow_transition_duration&quot;:500}\">\n\t\t\t\t\t\t<div class=\"elementor-container elementor-column-gap-no\">\n\t\t\t\t\t<div class=\"elementor-column elementor-col-100 elementor-top-column elementor-element elementor-element-e9fbe8c\" data-id=\"e9fbe8c\" data-element_type=\"column\">\n\t\t\t<div class=\"elementor-widget-wrap elementor-element-populated\">\n\t\t\t\t\t\t<section class=\"elementor-section elementor-inner-section elementor-element elementor-element-b6dc525 elementor-section-boxed elementor-section-height-default elementor-section-height-default\" data-id=\"b6dc525\" data-element_type=\"section\">\n\t\t\t\t\t\t<div class=\"elementor-container elementor-column-gap-default\">\n\t\t\t\t\t<div class=\"elementor-column elementor-col-50 elementor-inner-column elementor-element elementor-element-7d48716\" data-id=\"7d48716\" data-element_type=\"column\">\n\t\t\t<div class=\"elementor-widget-wrap\">\n\t\t\t\t\t\t\t<\/div>\n\t\t<\/div>\n\t\t\t\t<div class=\"elementor-column elementor-col-50 elementor-inner-column elementor-element elementor-element-47067fc\" data-id=\"47067fc\" data-element_type=\"column\">\n\t\t\t<div class=\"elementor-widget-wrap elementor-element-populated\">\n\t\t\t\t\t\t<div class=\"elementor-element elementor-element-90aec65 elementor-widget elementor-widget-heading\" data-id=\"90aec65\" data-element_type=\"widget\" data-widget_type=\"heading.default\">\n\t\t\t\t<div class=\"elementor-widget-container\">\n\t\t\t<style>\/*! elementor - v3.21.0 - 26-05-2024 *\/\n.elementor-heading-title{padding:0;margin:0;line-height:1}.elementor-widget-heading .elementor-heading-title[class*=elementor-size-]>a{color:inherit;font-size:inherit;line-height:inherit}.elementor-widget-heading .elementor-heading-title.elementor-size-small{font-size:15px}.elementor-widget-heading .elementor-heading-title.elementor-size-medium{font-size:19px}.elementor-widget-heading .elementor-heading-title.elementor-size-large{font-size:29px}.elementor-widget-heading .elementor-heading-title.elementor-size-xl{font-size:39px}.elementor-widget-heading .elementor-heading-title.elementor-size-xxl{font-size:59px}<\/style><h2 class=\"elementor-heading-title elementor-size-default\">Simplifiquem les teves gestions.<br>\nIdees innovadores<\/h2>\t\t<\/div>\n\t\t\t\t<\/div>\n\t\t\t\t<div class=\"elementor-element elementor-element-4d1f17f elementor-widget elementor-widget-heading\" data-id=\"4d1f17f\" data-element_type=\"widget\" data-widget_type=\"heading.default\">\n\t\t\t\t<div class=\"elementor-widget-container\">\n\t\t\t<h2 class=\"elementor-heading-title elementor-size-default\">Experts en consultoria estrat\u00e8gica per a Pimes\ni aut\u00f2noms amb molta projecci\u00f3 i anys d\u2019experi\u00e8ncia.<br>\nOferim un servei de qualitat, amb un seguiment molt personal.<\/h2>\t\t<\/div>\n\t\t\t\t<\/div>\n\t\t\t\t<div class=\"elementor-element elementor-element-6a21eeb elementor-align-right elementor-widget elementor-widget-button\" data-id=\"6a21eeb\" data-element_type=\"widget\" data-widget_type=\"button.default\">\n\t\t\t\t<div class=\"elementor-widget-container\">\n\t\t\t\t\t<div class=\"elementor-button-wrapper\">\n\t\t\t<a class=\"elementor-button elementor-button-link elementor-size-sm\" href=\"https:\/\/basseempresarial.cat\/ca\/contacte\/\">\n\t\t\t\t\t\t<span class=\"elementor-button-content-wrapper\">\n\t\t\t\t\t\t\t\t\t<span class=\"elementor-button-text\">Demana Pressupost<\/span>\n\t\t\t\t\t<\/span>\n\t\t\t\t\t<\/a>\n\t\t<\/div>\n\t\t\t\t<\/div>\n\t\t\t\t<\/div>\n\t\t\t\t\t<\/div>\n\t\t<\/div>\n\t\t\t\t\t<\/div>\n\t\t<\/section>\n\t\t\t\t\t<\/div>\n\t\t<\/div>\n\t\t\t\t\t<\/div>\n\t\t<\/section>\n\t\t\t\t<section class=\"elementor-section elementor-top-section elementor-element elementor-element-adc474c elementor-section-full_width elementor-section-height-min-height elementor-section-stretched elementor-hidden-desktop elementor-hidden-tablet elementor-section-height-default elementor-section-items-middle\" data-id=\"adc474c\" data-element_type=\"section\" data-settings=\"{&quot;stretch_section&quot;:&quot;section-stretched&quot;,&quot;background_background&quot;:&quot;slideshow&quot;,&quot;background_slideshow_gallery&quot;:[{&quot;id&quot;:53,&quot;url&quot;:&quot;https:\\\/\\\/basseempresarial.cat\\\/wp-content\\\/uploads\\\/2023\\\/04\\\/fondo-movil-3.jpg&quot;},{&quot;id&quot;:52,&quot;url&quot;:&quot;https:\\\/\\\/basseempresarial.cat\\\/wp-content\\\/uploads\\\/2023\\\/04\\\/fondomovil-2.jpg&quot;},{&quot;id&quot;:51,&quot;url&quot;:&quot;https:\\\/\\\/basseempresarial.cat\\\/wp-content\\\/uploads\\\/2023\\\/04\\\/fondomovil-1.jpg&quot;}],&quot;background_slideshow_loop&quot;:&quot;yes&quot;,&quot;background_slideshow_slide_duration&quot;:5000,&quot;background_slideshow_slide_transition&quot;:&quot;fade&quot;,&quot;background_slideshow_transition_duration&quot;:500}\">\n\t\t\t\t\t\t<div class=\"elementor-container elementor-column-gap-no\">\n\t\t\t\t\t<div class=\"elementor-column elementor-col-100 elementor-top-column elementor-element elementor-element-d50f9df\" data-id=\"d50f9df\" data-element_type=\"column\">\n\t\t\t<div class=\"elementor-widget-wrap elementor-element-populated\">\n\t\t\t\t\t\t<section class=\"elementor-section elementor-inner-section elementor-element elementor-element-c1e02ad elementor-section-boxed elementor-section-height-default elementor-section-height-default\" data-id=\"c1e02ad\" data-element_type=\"section\">\n\t\t\t\t\t\t<div class=\"elementor-container elementor-column-gap-default\">\n\t\t\t\t\t<div class=\"elementor-column elementor-col-50 elementor-inner-column elementor-element elementor-element-ef51e91\" data-id=\"ef51e91\" data-element_type=\"column\">\n\t\t\t<div class=\"elementor-widget-wrap\">\n\t\t\t\t\t\t\t<\/div>\n\t\t<\/div>\n\t\t\t\t<div class=\"elementor-column elementor-col-50 elementor-inner-column elementor-element elementor-element-dce017c\" data-id=\"dce017c\" data-element_type=\"column\">\n\t\t\t<div class=\"elementor-widget-wrap elementor-element-populated\">\n\t\t\t\t\t\t<div class=\"elementor-element elementor-element-5cfb006 elementor-widget elementor-widget-heading\" data-id=\"5cfb006\" data-element_type=\"widget\" data-widget_type=\"heading.default\">\n\t\t\t\t<div class=\"elementor-widget-container\">\n\t\t\t<h2 class=\"elementor-heading-title elementor-size-default\">Simplifiquem les teves gestions.<br>\nIdees innovadores<\/h2>\t\t<\/div>\n\t\t\t\t<\/div>\n\t\t\t\t<div class=\"elementor-element elementor-element-57e8469 elementor-widget elementor-widget-heading\" data-id=\"57e8469\" data-element_type=\"widget\" data-widget_type=\"heading.default\">\n\t\t\t\t<div class=\"elementor-widget-container\">\n\t\t\t<h2 class=\"elementor-heading-title elementor-size-default\">Experts en consultoria estrat\u00e8gica per a Pimes\ni aut\u00f2noms amb molta projecci\u00f3 i anys d\u2019experi\u00e8ncia.<br>\nOferim un servei de qualitat, amb un seguiment molt personal.<\/h2>\t\t<\/div>\n\t\t\t\t<\/div>\n\t\t\t\t<div class=\"elementor-element elementor-element-afcfd8d elementor-align-right elementor-widget elementor-widget-button\" data-id=\"afcfd8d\" data-element_type=\"widget\" data-widget_type=\"button.default\">\n\t\t\t\t<div class=\"elementor-widget-container\">\n\t\t\t\t\t<div class=\"elementor-button-wrapper\">\n\t\t\t<a class=\"elementor-button elementor-button-link elementor-size-sm\" href=\"https:\/\/basseempresarial.cat\/ca\/contacte\/\">\n\t\t\t\t\t\t<span class=\"elementor-button-content-wrapper\">\n\t\t\t\t\t\t\t\t\t<span class=\"elementor-button-text\">Demana Pressupost<\/span>\n\t\t\t\t\t<\/span>\n\t\t\t\t\t<\/a>\n\t\t<\/div>\n\t\t\t\t<\/div>\n\t\t\t\t<\/div>\n\t\t\t\t\t<\/div>\n\t\t<\/div>\n\t\t\t\t\t<\/div>\n\t\t<\/section>\n\t\t\t\t\t<\/div>\n\t\t<\/div>\n\t\t\t\t\t<\/div>\n\t\t<\/section>\n\t\t\t\t<section class=\"elementor-section elementor-top-section elementor-element elementor-element-875542d elementor-section-boxed elementor-section-height-default elementor-section-height-default\" data-id=\"875542d\" data-element_type=\"section\">\n\t\t\t\t\t\t<div class=\"elementor-container elementor-column-gap-default\">\n\t\t\t\t\t<div class=\"elementor-column elementor-col-100 elementor-top-column elementor-element elementor-element-e4b1086\" data-id=\"e4b1086\" data-element_type=\"column\">\n\t\t\t<div class=\"elementor-widget-wrap elementor-element-populated\">\n\t\t\t\t\t\t<div class=\"elementor-element elementor-element-b521a73 elementor-widget elementor-widget-heading\" data-id=\"b521a73\" data-element_type=\"widget\" data-widget_type=\"heading.default\">\n\t\t\t\t<div class=\"elementor-widget-container\">\n\t\t\t<h2 class=\"elementor-heading-title elementor-size-default\">Assessoria<\/h2>\t\t<\/div>\n\t\t\t\t<\/div>\n\t\t\t\t<div class=\"elementor-element elementor-element-af3ee77 elementor-widget elementor-widget-text-editor\" data-id=\"af3ee77\" data-element_type=\"widget\" data-widget_type=\"text-editor.default\">\n\t\t\t\t<div class=\"elementor-widget-container\">\n\t\t\t<style>\/*! elementor - v3.21.0 - 26-05-2024 *\/\n.elementor-widget-text-editor.elementor-drop-cap-view-stacked .elementor-drop-cap{background-color:#69727d;color:#fff}.elementor-widget-text-editor.elementor-drop-cap-view-framed .elementor-drop-cap{color:#69727d;border:3px solid;background-color:transparent}.elementor-widget-text-editor:not(.elementor-drop-cap-view-default) .elementor-drop-cap{margin-top:8px}.elementor-widget-text-editor:not(.elementor-drop-cap-view-default) .elementor-drop-cap-letter{width:1em;height:1em}.elementor-widget-text-editor .elementor-drop-cap{float:left;text-align:center;line-height:1;font-size:50px}.elementor-widget-text-editor .elementor-drop-cap-letter{display:inline-block}<\/style>\t\t\t\t<p>A Basse Empresarial ens especialitzem en l&#8217;assessoria a empreses en les \u00e0rees de treball seg\u00fcents: Assessoria Comptable, Assessoria Laboral, Assessoria Jur\u00eddica i Assessoria Fiscal.<\/p>\n<p>Tenim un ampli equip d&#8217;assessors, amb una \u00e0mplia experi\u00e8ncia, molt professionals de l&#8217;\u00e0mbit de l&#8217;assessoria nacional i internacional. Ens adaptem sempre a cada cas i cada client.<\/p>\n<p>La nostra missi\u00f3 \u00e9s assolir els objectius dels nostres clients aportant-los els nostres millors recursos i coneixements.<\/p>\n\t\t\t\t\t\t<\/div>\n\t\t\t\t<\/div>\n\t\t\t\t<section class=\"elementor-section elementor-inner-section elementor-element elementor-element-5f80c0b elementor-section-boxed elementor-section-height-default elementor-section-height-default\" data-id=\"5f80c0b\" data-element_type=\"section\">\n\t\t\t\t\t\t<div class=\"elementor-container elementor-column-gap-default\">\n\t\t\t\t\t<div class=\"elementor-column elementor-col-50 elementor-inner-column elementor-element elementor-element-e650a7b\" data-id=\"e650a7b\" data-element_type=\"column\">\n\t\t\t<div class=\"elementor-widget-wrap elementor-element-populated\">\n\t\t\t\t\t\t<div class=\"elementor-element elementor-element-0b208b4 elementor-align-justify elementor-widget elementor-widget-button\" data-id=\"0b208b4\" data-element_type=\"widget\" data-widget_type=\"button.default\">\n\t\t\t\t<div class=\"elementor-widget-container\">\n\t\t\t\t\t<div class=\"elementor-button-wrapper\">\n\t\t\t<a class=\"elementor-button elementor-size-md\" role=\"button\">\n\t\t\t\t\t\t<span class=\"elementor-button-content-wrapper\">\n\t\t\t\t\t\t\t\t\t<span class=\"elementor-button-text\">ASSESSORIA CONTABLE<\/span>\n\t\t\t\t\t<\/span>\n\t\t\t\t\t<\/a>\n\t\t<\/div>\n\t\t\t\t<\/div>\n\t\t\t\t<\/div>\n\t\t\t\t<div class=\"elementor-element elementor-element-422d410 elementor-align-justify elementor-widget elementor-widget-button\" data-id=\"422d410\" data-element_type=\"widget\" data-widget_type=\"button.default\">\n\t\t\t\t<div class=\"elementor-widget-container\">\n\t\t\t\t\t<div class=\"elementor-button-wrapper\">\n\t\t\t<a class=\"elementor-button elementor-size-md\" role=\"button\">\n\t\t\t\t\t\t<span class=\"elementor-button-content-wrapper\">\n\t\t\t\t\t\t\t\t\t<span class=\"elementor-button-text\">ASSESSORIA JUR\u00cdDICA<\/span>\n\t\t\t\t\t<\/span>\n\t\t\t\t\t<\/a>\n\t\t<\/div>\n\t\t\t\t<\/div>\n\t\t\t\t<\/div>\n\t\t\t\t\t<\/div>\n\t\t<\/div>\n\t\t\t\t<div class=\"elementor-column elementor-col-50 elementor-inner-column elementor-element elementor-element-e0544f0\" data-id=\"e0544f0\" data-element_type=\"column\">\n\t\t\t<div class=\"elementor-widget-wrap elementor-element-populated\">\n\t\t\t\t\t\t<div class=\"elementor-element elementor-element-cdb26c5 elementor-align-justify elementor-widget elementor-widget-button\" data-id=\"cdb26c5\" data-element_type=\"widget\" data-widget_type=\"button.default\">\n\t\t\t\t<div class=\"elementor-widget-container\">\n\t\t\t\t\t<div class=\"elementor-button-wrapper\">\n\t\t\t<a class=\"elementor-button elementor-size-md\" role=\"button\">\n\t\t\t\t\t\t<span class=\"elementor-button-content-wrapper\">\n\t\t\t\t\t\t\t\t\t<span class=\"elementor-button-text\">ASSESSORIA LABORAL<\/span>\n\t\t\t\t\t<\/span>\n\t\t\t\t\t<\/a>\n\t\t<\/div>\n\t\t\t\t<\/div>\n\t\t\t\t<\/div>\n\t\t\t\t<div class=\"elementor-element elementor-element-07b35d0 elementor-align-justify elementor-widget elementor-widget-button\" data-id=\"07b35d0\" data-element_type=\"widget\" data-widget_type=\"button.default\">\n\t\t\t\t<div class=\"elementor-widget-container\">\n\t\t\t\t\t<div class=\"elementor-button-wrapper\">\n\t\t\t<a class=\"elementor-button elementor-size-md\" role=\"button\">\n\t\t\t\t\t\t<span class=\"elementor-button-content-wrapper\">\n\t\t\t\t\t\t\t\t\t<span class=\"elementor-button-text\">ASSESSORIA FISCAL<\/span>\n\t\t\t\t\t<\/span>\n\t\t\t\t\t<\/a>\n\t\t<\/div>\n\t\t\t\t<\/div>\n\t\t\t\t<\/div>\n\t\t\t\t\t<\/div>\n\t\t<\/div>\n\t\t\t\t\t<\/div>\n\t\t<\/section>\n\t\t\t\t<div class=\"elementor-element elementor-element-af7453b elementor-widget elementor-widget-text-editor\" data-id=\"af7453b\" data-element_type=\"widget\" data-widget_type=\"text-editor.default\">\n\t\t\t\t<div class=\"elementor-widget-container\">\n\t\t\t\t\t\t\t<p><b>ASSESSORIA I GESTI\u00d3 CONTABLE<\/b><br \/>Portar la comptabilitat del teu PIME sense els coneixements adequats pot comportar errors greus, un exemple clar s\u00f3n les declaracions a Hisenda. \u00c9s molt recomanable, per tant, comptar amb un soci 100% professional en aquest \u00e0mbit.<\/p>\n<p>Aquest servei consisteix fonamentalment en el suport de comptabilitats i l&#8217;assessorament comptable general en mat\u00e8ria d&#8217;inversions, endeutament, etc. Des del processament de les factures rebudes, emeses i extractes bancaris fins a l&#8217;elaboraci\u00f3 de balan\u00e7os de situaci\u00f3 i explotaci\u00f3, comptes de p\u00e8rdues i guanys, legalitzaci\u00f3 de llibres comptables, preparaci\u00f3 i tramitaci\u00f3 del dip\u00f2sit de comptes anuals\u2026<\/p>\n<p><b>ASSESSORIA I GESTI\u00d3 LABORAL<\/b><br \/>L&#8217;objectiu \u00e9s optimitzar els costos laborals, potenciar la perman\u00e8ncia dels treballadors i reduir la conflictivitat laboral. Per aix\u00f2 dissenya i implementa una estrat\u00e8gia proactiva en aquest camp per part de l&#8217;empresa. Aquests serveis inclouen tant la gesti\u00f3 de les contractacions, les n\u00f2mines i les cotitzacions socials com l&#8217;assessorament i l&#8217;assist\u00e8ncia lletrada en el cas d&#8217;inspeccions laborals o processos d&#8217;acomiadament, la tramitaci\u00f3 d&#8217;EROS i ERTES, etc.<\/p>\n<p><b>ASSESSORIA JUR\u00cdDICA I MERCANTIL<\/b><br \/>Una PIME necessita un assessorament permanent en tot all\u00f2 relacionat amb el dret de l&#8217;empresa. Per assegurar-te que la teva petita o mitjana empresa est\u00e0 blindada en aquest sentit i compleix al 100% amb les disposicions de les lleis, necessites una firma especialitzada amb experi\u00e8ncia que t&#8217;assessori en q\u00fcestions com la constituci\u00f3 de societats, la contractaci\u00f3 mercantil, els pactes de accionistes i fins i tot, en un moment donat, els concursos de creditors.<\/p>\n<p><b>ASSESSORIA I GESTI\u00d3 FISCAL<\/b><br \/>Evitar els problemes amb l&#8217;Ag\u00e8ncia Tribut\u00e0ria i agilitzar-ne tota la paperassa. Aquest servei consisteix en la confecci\u00f3 i la liquidaci\u00f3 de tota mena d&#8217;impostos, l&#8217;assessorament continuat per optimitzar la c\u00e0rrega fiscal i tribut\u00e0ria, la realitzaci\u00f3 de consultes davant l&#8217;administraci\u00f3 tribut\u00e0ria. Depenent de les caracter\u00edstiques de cada PIME i de la seva situaci\u00f3, ser\u00e0 important comptar amb un despatx especialista en \u00e0rees concretes. Alguns exemples poden ser la tributaci\u00f3 de l&#8217;empresa familiar (successions, donacions, etc), les operacions de M&amp;A o reestructuracions, etc.<\/p>\n\t\t\t\t\t\t<\/div>\n\t\t\t\t<\/div>\n\t\t\t\t\t<\/div>\n\t\t<\/div>\n\t\t\t\t\t<\/div>\n\t\t<\/section>\n\t\t\t\t<\/div>\n\t\t","protected":false},"excerpt":{"rendered":"<p>Simplifiquem les teves gestions. Idees innovadores Experts en consultoria estrat\u00e8gica per a Pimes i aut\u00f2noms amb molta projecci\u00f3 i anys d\u2019experi\u00e8ncia. Oferim un servei de qualitat, amb un seguiment molt personal. Demana Pressupost Simplifiquem les teves gestions. Idees innovadores Experts en consultoria estrat\u00e8gica per a Pimes i aut\u00f2noms amb molta projecci\u00f3 i anys d\u2019experi\u00e8ncia. Oferim &#8230; <a title=\"Assessoria\" class=\"read-more\" href=\"https:\/\/basseempresarial.cat\/ca\/assessoria\/\" aria-label=\"M\u00e9s informaci\u00f3 sobre Assessoria\">Llegiu m\u00e9s<\/a><\/p>\n","protected":false},"author":1,"featured_media":0,"parent":0,"menu_order":0,"comment_status":"closed","ping_status":"closed","template":"","meta":{"footnotes":""},"class_list":["post-264","page","type-page","status-publish"],"yoast_head":"<!-- This site is optimized with the Yoast SEO plugin v22.8 - https:\/\/yoast.com\/wordpress\/plugins\/seo\/ -->\n<title>Assessoria - Basse Empresarial<\/title>\n<meta name=\"robots\" content=\"index, follow, max-snippet:-1, max-image-preview:large, max-video-preview:-1\" \/>\n<link rel=\"canonical\" href=\"https:\/\/basseempresarial.cat\/ca\/assessoria\/\" \/>\n<meta property=\"og:locale\" content=\"ca_ES\" \/>\n<meta property=\"og:type\" content=\"article\" \/>\n<meta property=\"og:title\" content=\"Assessoria - Basse Empresarial\" \/>\n<meta property=\"og:description\" content=\"Simplifiquem les teves gestions. Idees innovadores Experts en consultoria estrat\u00e8gica per a Pimes i aut\u00f2noms amb molta projecci\u00f3 i anys d\u2019experi\u00e8ncia. Oferim un servei de qualitat, amb un seguiment molt personal. Demana Pressupost Simplifiquem les teves gestions. Idees innovadores Experts en consultoria estrat\u00e8gica per a Pimes i aut\u00f2noms amb molta projecci\u00f3 i anys d\u2019experi\u00e8ncia. Oferim ... Llegiu m\u00e9s\" \/>\n<meta property=\"og:url\" content=\"https:\/\/basseempresarial.cat\/ca\/assessoria\/\" \/>\n<meta property=\"og:site_name\" content=\"Basse Empresarial\" \/>\n<meta property=\"article:modified_time\" content=\"2023-05-02T14:17:01+00:00\" \/>\n<meta name=\"twitter:card\" content=\"summary_large_image\" \/>\n<meta name=\"twitter:label1\" content=\"Temps estimat de lectura\" \/>\n\t<meta name=\"twitter:data1\" content=\"3 minuts\" \/>\n<script type=\"application\/ld+json\" class=\"yoast-schema-graph\">{\"@context\":\"https:\/\/schema.org\",\"@graph\":[{\"@type\":\"WebPage\",\"@id\":\"https:\/\/basseempresarial.cat\/ca\/assessoria\/\",\"url\":\"https:\/\/basseempresarial.cat\/ca\/assessoria\/\",\"name\":\"Assessoria - Basse Empresarial\",\"isPartOf\":{\"@id\":\"https:\/\/basseempresarial.cat\/#website\"},\"datePublished\":\"2023-04-28T12:34:59+00:00\",\"dateModified\":\"2023-05-02T14:17:01+00:00\",\"breadcrumb\":{\"@id\":\"https:\/\/basseempresarial.cat\/ca\/assessoria\/#breadcrumb\"},\"inLanguage\":\"ca\",\"potentialAction\":[{\"@type\":\"ReadAction\",\"target\":[\"https:\/\/basseempresarial.cat\/ca\/assessoria\/\"]}]},{\"@type\":\"BreadcrumbList\",\"@id\":\"https:\/\/basseempresarial.cat\/ca\/assessoria\/#breadcrumb\",\"itemListElement\":[{\"@type\":\"ListItem\",\"position\":1,\"name\":\"Portada\",\"item\":\"https:\/\/basseempresarial.cat\/ca\/landing\/\"},{\"@type\":\"ListItem\",\"position\":2,\"name\":\"Assessoria\"}]},{\"@type\":\"WebSite\",\"@id\":\"https:\/\/basseempresarial.cat\/#website\",\"url\":\"https:\/\/basseempresarial.cat\/\",\"name\":\"Basse Empresarial\",\"description\":\"S&oacute;lo otro sitio de WordPress\",\"publisher\":{\"@id\":\"https:\/\/basseempresarial.cat\/#organization\"},\"potentialAction\":[{\"@type\":\"SearchAction\",\"target\":{\"@type\":\"EntryPoint\",\"urlTemplate\":\"https:\/\/basseempresarial.cat\/?s={search_term_string}\"},\"query-input\":\"required name=search_term_string\"}],\"inLanguage\":\"ca\"},{\"@type\":\"Organization\",\"@id\":\"https:\/\/basseempresarial.cat\/#organization\",\"name\":\"Basse Empresarial\",\"url\":\"https:\/\/basseempresarial.cat\/\",\"logo\":{\"@type\":\"ImageObject\",\"inLanguage\":\"ca\",\"@id\":\"https:\/\/basseempresarial.cat\/#\/schema\/logo\/image\/\",\"url\":\"https:\/\/basseempresarial.cat\/wp-content\/uploads\/2023\/04\/BASSE-EMPRESARIAL.png\",\"contentUrl\":\"https:\/\/basseempresarial.cat\/wp-content\/uploads\/2023\/04\/BASSE-EMPRESARIAL.png\",\"width\":500,\"height\":161,\"caption\":\"Basse Empresarial\"},\"image\":{\"@id\":\"https:\/\/basseempresarial.cat\/#\/schema\/logo\/image\/\"}}]}<\/script>\n<!-- \/ Yoast SEO plugin. -->","yoast_head_json":{"title":"Assessoria - Basse Empresarial","robots":{"index":"index","follow":"follow","max-snippet":"max-snippet:-1","max-image-preview":"max-image-preview:large","max-video-preview":"max-video-preview:-1"},"canonical":"https:\/\/basseempresarial.cat\/ca\/assessoria\/","og_locale":"ca_ES","og_type":"article","og_title":"Assessoria - Basse Empresarial","og_description":"Simplifiquem les teves gestions. Idees innovadores Experts en consultoria estrat\u00e8gica per a Pimes i aut\u00f2noms amb molta projecci\u00f3 i anys d\u2019experi\u00e8ncia. Oferim un servei de qualitat, amb un seguiment molt personal. Demana Pressupost Simplifiquem les teves gestions. Idees innovadores Experts en consultoria estrat\u00e8gica per a Pimes i aut\u00f2noms amb molta projecci\u00f3 i anys d\u2019experi\u00e8ncia. Oferim ... Llegiu m\u00e9s","og_url":"https:\/\/basseempresarial.cat\/ca\/assessoria\/","og_site_name":"Basse Empresarial","article_modified_time":"2023-05-02T14:17:01+00:00","twitter_card":"summary_large_image","twitter_misc":{"Temps estimat de lectura":"3 minuts"},"schema":{"@context":"https:\/\/schema.org","@graph":[{"@type":"WebPage","@id":"https:\/\/basseempresarial.cat\/ca\/assessoria\/","url":"https:\/\/basseempresarial.cat\/ca\/assessoria\/","name":"Assessoria - Basse Empresarial","isPartOf":{"@id":"https:\/\/basseempresarial.cat\/#website"},"datePublished":"2023-04-28T12:34:59+00:00","dateModified":"2023-05-02T14:17:01+00:00","breadcrumb":{"@id":"https:\/\/basseempresarial.cat\/ca\/assessoria\/#breadcrumb"},"inLanguage":"ca","potentialAction":[{"@type":"ReadAction","target":["https:\/\/basseempresarial.cat\/ca\/assessoria\/"]}]},{"@type":"BreadcrumbList","@id":"https:\/\/basseempresarial.cat\/ca\/assessoria\/#breadcrumb","itemListElement":[{"@type":"ListItem","position":1,"name":"Portada","item":"https:\/\/basseempresarial.cat\/ca\/landing\/"},{"@type":"ListItem","position":2,"name":"Assessoria"}]},{"@type":"WebSite","@id":"https:\/\/basseempresarial.cat\/#website","url":"https:\/\/basseempresarial.cat\/","name":"Basse Empresarial","description":"S&oacute;lo otro sitio de WordPress","publisher":{"@id":"https:\/\/basseempresarial.cat\/#organization"},"potentialAction":[{"@type":"SearchAction","target":{"@type":"EntryPoint","urlTemplate":"https:\/\/basseempresarial.cat\/?s={search_term_string}"},"query-input":"required name=search_term_string"}],"inLanguage":"ca"},{"@type":"Organization","@id":"https:\/\/basseempresarial.cat\/#organization","name":"Basse Empresarial","url":"https:\/\/basseempresarial.cat\/","logo":{"@type":"ImageObject","inLanguage":"ca","@id":"https:\/\/basseempresarial.cat\/#\/schema\/logo\/image\/","url":"https:\/\/basseempresarial.cat\/wp-content\/uploads\/2023\/04\/BASSE-EMPRESARIAL.png","contentUrl":"https:\/\/basseempresarial.cat\/wp-content\/uploads\/2023\/04\/BASSE-EMPRESARIAL.png","width":500,"height":161,"caption":"Basse Empresarial"},"image":{"@id":"https:\/\/basseempresarial.cat\/#\/schema\/logo\/image\/"}}]}},"_links":{"self":[{"href":"https:\/\/basseempresarial.cat\/ca\/wp-json\/wp\/v2\/pages\/264","targetHints":{"allow":["GET"]}}],"collection":[{"href":"https:\/\/basseempresarial.cat\/ca\/wp-json\/wp\/v2\/pages"}],"about":[{"href":"https:\/\/basseempresarial.cat\/ca\/wp-json\/wp\/v2\/types\/page"}],"author":[{"embeddable":true,"href":"https:\/\/basseempresarial.cat\/ca\/wp-json\/wp\/v2\/users\/1"}],"replies":[{"embeddable":true,"href":"https:\/\/basseempresarial.cat\/ca\/wp-json\/wp\/v2\/comments?post=264"}],"version-history":[{"count":10,"href":"https:\/\/basseempresarial.cat\/ca\/wp-json\/wp\/v2\/pages\/264\/revisions"}],"predecessor-version":[{"id":408,"href":"https:\/\/basseempresarial.cat\/ca\/wp-json\/wp\/v2\/pages\/264\/revisions\/408"}],"wp:attachment":[{"href":"https:\/\/basseempresarial.cat\/ca\/wp-json\/wp\/v2\/media?parent=264"}],"curies":[{"name":"wp","href":"https:\/\/api.w.org\/{rel}","templated":true}]}}